{"id":873,"date":"2024-01-31T14:12:58","date_gmt":"2024-01-31T13:12:58","guid":{"rendered":"https:\/\/laurafelgueras.com\/avis-legal\/"},"modified":"2024-01-31T14:12:58","modified_gmt":"2024-01-31T13:12:58","slug":"avis-legal","status":"publish","type":"page","link":"https:\/\/laurafelgueras.com\/ca\/avis-legal\/","title":{"rendered":"Av\u00eds Legal"},"content":{"rendered":"<p>Denominaci\u00f3n social: Laura Felgueras Guill\u00e9n (en adelante, La Prestadora)<br \/>\nDomicilio: C\/ Pan\u00ed, 4, 17469, Vilamalla (Girona)<br \/>\nNIF: 40594438J<br \/>\nTel\u00e9fono: 624607064<br \/>\nCorreo electr\u00f3nico: laurafelguerasguillen@gmail.com<\/p>\n<p><strong>1. AVISO LEGAL<\/strong><br \/>\n1. La Prestadora le indica que es obligaci\u00f3n del Usuario leer y conocer el presente AVISO LEGAL de su sitio web, siendo este vigente y aplicable, siendo considerado como Usuario todo aqu\u00e9l que navega por la presente p\u00e1gina web.<br \/>\n2. La Prestadora no ser\u00e1 responsable, de ninguna de las maneras, de los da\u00f1os y perjuicios de cualquier naturaleza derivados del uso de su p\u00e1gina web.<br \/>\n3. La Prestadora podr\u00e1, en todo momento y sin previo aviso, modificar el presente Aviso Legal mediante publicaci\u00f3n de dichas modificaciones en la p\u00e1gina web, para que sean conocidas por los Usuarios.<\/p>\n<p><strong>2. DERECHOS DE PROPIEDAD INTELECTUAL E INDUSTRIAL<\/strong><br \/>\n1. La presente P\u00e1gina Web, incluyendo a t\u00edtulo enunciativo, pero no limitativo, su programaci\u00f3n, edici\u00f3n, compilaci\u00f3n, dise\u00f1os, marcas, logotipos, im\u00e1genes, texto y gr\u00e1ficos, son propiedad de La Prestadora, encontr\u00e1ndose protegidos por la normativa nacional e internacional sobre propiedad intelectual. El acceso por parte del Usuario a la P\u00e1gina Web no le otorga ning\u00fan derecho de propiedad sobre los mismos.<br \/>\n2. Si encuentras en la P\u00e1gina Web cualquier contenido que pudiera vulnerar derechos de propiedad intelectual e industrial, rogamos lo pongan en conocimiento de La Prestadora con la mayor brevedad posible, remitiendo un correo electr\u00f3nico a la direcci\u00f3n laurafelguerasguillen@gmail.com.<\/p>\n<p><strong>3. RESPONSABILIDAD CIVIL<\/strong><br \/>\n1. El contenido de la P\u00e1gina Web es conforme a la legislaci\u00f3n espa\u00f1ola. La responsabilidad de La Prestadora no puede invocarse en el caso de productos no conformes a la legislaci\u00f3n de terceros pa\u00edses. Corresponde pues, a los Usuarios de fuera de Espa\u00f1a el verificar la legalidad de nuestros contenidos en sus respectivos pa\u00edses.<br \/>\n2. La Prestadora responder\u00e1 de los da\u00f1os y perjuicios que el Usuario pueda sufrir como consecuencia de la utilizaci\u00f3n de la P\u00e1gina Web cuando dichos da\u00f1os sean directamente imputables a una actuaci\u00f3n dolosa o negligente de La Prestadora y en la actuaci\u00f3n del Usuario no concurriera culpa o negligencia. No existir\u00e1, en cualquier caso, actuaci\u00f3n dolosa o negligente por parte de La Prestadora cuando pruebe que ha cumplido las exigencias y requisitos legal y reglamentariamente establecidos y los dem\u00e1s cuidados y diligencias que exige la naturaleza del servicio.<br \/>\n3. La Prestadora no controla, con car\u00e1cter general, la utilizaci\u00f3n que los Usuarios hacen de la P\u00e1gina Web y redes sociales vinculadas. En particular La Prestadora no garantiza bajo ning\u00fan extremo que los Usuarios utilicen la P\u00e1gina Web y sus herramientas de conformidad con la Ley, el presente Aviso legal, la moral y buenas costumbres generalmente aceptadas y el orden p\u00fablico, ni tampoco que lo hagan de forma diligente y prudente.<br \/>\n4. En el supuesto de que en la P\u00e1gina Web se dispusieran enlaces o hiperv\u00ednculos hacia otros lugares de Internet, La Prestadora no ejercer\u00e1 ning\u00fan tipo de control sobre estos lugares y contenidos. En ning\u00fan caso La Prestadora asumir\u00e1 responsabilidad alguna por los contenidos de alg\u00fan enlace perteneciente a una web ajena, ni garantizar\u00e1 la disponibilidad t\u00e9cnica, calidad y veracidad de cualquier material o informaci\u00f3n contenida en cabeza de los hiperv\u00ednculos u otros lugares de Internet.<\/p>\n<p><strong>4. EXCLUSI\u00d3N DE GARANT\u00cdA<\/strong><br \/>\n1. No garantiza, La Prestadora, que el servicio no pueda prestar interrupciones en tiempo \u00fatil, confiable, o libre de errores, as\u00ed como que la web y el servidor est\u00e9n libres de virus, no haci\u00e9ndose responsable de posibles da\u00f1os o perjuicios que puedan derivarse de interferencias, omisiones, interrupciones, virus inform\u00e1ticos o desconexiones en el sistema operativo de este sistema electr\u00f3nico, motivadas por causas ajenas a La Prestadora.<br \/>\n2. El Usuario es responsable de adoptar todas las medidas t\u00e9cnicas adecuadas para controlar, de forma razonable, estos riesgos, y evitar da\u00f1os en sus equipos, p\u00e9rdida de datos y robo de informaci\u00f3n confidencial. A estos efectos, deber\u00e1 contar con sistemas actualizados de detecci\u00f3n de software malicioso, tales como virus, troyanos, etc., as\u00ed como tener actualizados los parches de seguridad de los correspondientes navegadores que utilice.<br \/>\n3. La Prestadora se compromete a realizar sus mejores esfuerzos para evitar cualquier error en los contenidos que pudieran aparecer en la P\u00e1gina Web. En cualquier caso, La Prestadora estar\u00e1 exenta de cualquier responsabilidad derivada de eventuales errores en los contenidos que pudieran aparecer en la P\u00e1gina Web.<br \/>\n4. La Prestadora no ser\u00e1 responsable por los contenidos ajenos que transmita, aloje o a los que facilite el acceso cuando act\u00fae como mero intermediario. En cualquier caso, La Prestadora se compromete a retirar inmediatamente el contenido ilegal de la P\u00e1gina Web a partir de su conocimiento efectivo.<\/p>\n<p><strong>5. OBLIGACI\u00d3N DE LOS USUARIOS<\/strong><br \/>\nEl Usuario se compromete a:<br \/>\n1. No introducir, almacenar o difundir en o desde la P\u00e1gina Web cualquier informaci\u00f3n de car\u00e1cter difamatorio, injurioso, obsceno, amenazador, xen\u00f3fobo, que incite a la violencia a la discriminaci\u00f3n por raz\u00f3n de raza, sexo, ideolog\u00eda, religi\u00f3n o que de cualquier forma atente contra la moral, el orden p\u00fablico, los derechos fundamentales, las libertas p\u00fablicas, el honor, la intimidad o la imagen de terceros y en general la normativa vigente;<br \/>\n2. No introducir, almacenar o difundir en o desde la P\u00e1gina Web cualquier contenido que infrinja derechos de propiedad intelectual e industrial, el secreto de las comunicaciones y la legislaci\u00f3n de protecci\u00f3n de datos de car\u00e1cter personal;<br \/>\n3. No introducir, almacenar o difundir mediante la P\u00e1gina Web ning\u00fan programa de ordenador, datos, virus, c\u00f3digo, equipo de hardware o de telecomunicaciones o cualquier otro instrumento o dispositivo electr\u00f3nico o f\u00edsico que sea susceptible de causar da\u00f1os a la P\u00e1gina Web, a cualquier Usuario, a los proveedores de La Prestadora o en general a cualquier tercero, o de impedir el normal funcionamiento de los mismos;<br \/>\n4. No destruir, alterar, utilizar para su uso, inutilizar o da\u00f1ar los datos, informaciones, programas o documentos electr\u00f3nicos de La Prestadora, sus proveedores o terceros;<br \/>\n5. Queda prohibida la utilizaci\u00f3n de enlaces profundos, page-scrape (extracci\u00f3n de datos), robots, spiders (ara\u00f1as) u otros dispositivos autom\u00e1ticos, programas, algoritmos, metodolog\u00edas o procesos manuales similares para acceder, adquirir, copiar o hacer un seguimiento de parte del sitio o su contenido con el fin de obtener o intentar obtener materiales, documentos o informaci\u00f3n no disponible a trav\u00e9s del mismo.<br \/>\n6. Queda prohibido explorar, escanear o evaluar la vulnerabilidad de la P\u00e1gina Web o de cualquier red conectada al mismo, as\u00ed como quebrantar las medidas de seguridad o autenticaci\u00f3n del sitio o de cualquier red conectada al mismo. No est\u00e1 permitido el rastreo o b\u00fasqueda de datos de Usuarios, visitantes de la P\u00e1gina Web o de otros clientes de La Prestadora, incluidas las cuentas de otros Usuarios. Tampoco est\u00e1 permitido explotar de manera alguna la P\u00e1gina Web ni ning\u00fan otro servicio o informaci\u00f3n disponible u ofrecida a trav\u00e9s del mismo con el prop\u00f3sito de revelar informaci\u00f3n, incluyendo sin limitaci\u00f3n, la identificaci\u00f3n personal o la informaci\u00f3n que no sea propia facilitada por la P\u00e1gina Web.<br \/>\n7. El Usuario acepta no llevar a cabo ninguna acci\u00f3n que provoque una saturaci\u00f3n desproporcionada o innecesaria en la infraestructura de la P\u00e1gina Web o en los sistemas o redes de La Prestadora, as\u00ed como en los sistemas y redes conectados a la P\u00e1gina Web o a La Prestadora.<\/p>\n<p><strong>6. MENORES DE EDAD<\/strong><br \/>\nCon car\u00e1cter general, para poder hacer uso de la P\u00e1gina Web, los menores de edad deben contar con autorizaci\u00f3n previa de sus padres, tutores, o representantes legales, \u00e9stos responsables de todos los actos que dichos menores realicen a trav\u00e9s de la P\u00e1gina Web. En aquellos servicios que especialmente se se\u00f1ale, o bien que se encuentre determinado por Ley, el acceso quedar\u00e1 restringido \u00fanica y exclusivamente a mayores de 18 a\u00f1os.<\/p>\n<p><strong>7. DURACI\u00d3N Y TERMINACI\u00d3N<\/strong><br \/>\nLa puesta a disposici\u00f3n de los servicios tiene una duraci\u00f3n indefinida, sin perjuicio de ello, La Prestadora est\u00e1 facultada para dar por terminada, suspender, o interrumpir de forma unilateral, en cualquier momento y sin necesidad de preaviso, la comercializaci\u00f3n de sus servicios.<\/p>\n<p><strong>8. LEY APLICABLE Y JURISDICCI\u00d3N<\/strong><br \/>\nTodas las cuestiones relacionadas con la P\u00e1gina Web se rigen por las Leyes espa\u00f1olas, y se someten a la jurisdicci\u00f3n de los Juzgados y Tribunales de Figueres.<\/p>\n","protected":false},"excerpt":{"rendered":"<p>Denominaci\u00f3n social: Laura Felgueras Guill\u00e9n (en adelante, La Prestadora) Domicilio: C\/ Pan\u00ed, 4, 17469, Vilamalla (Girona) NIF: 40594438J Tel\u00e9fono: 624607064 Correo electr\u00f3nico: laurafelguerasguillen@gmail.com 1. AVISO LEGAL 1. La Prestadora le indica que es obligaci\u00f3n del Usuario leer y conocer el [&hellip;]<\/p>\n","protected":false},"author":1,"featured_media":0,"parent":0,"menu_order":0,"comment_status":"closed","ping_status":"closed","template":"","meta":{"site-sidebar-layout":"default","site-content-layout":"","ast-site-content-layout":"default","site-content-style":"default","site-sidebar-style":"default","ast-global-header-display":"","ast-banner-title-visibility":"","ast-main-header-display":"","ast-hfb-above-header-display":"","ast-hfb-below-header-display":"","ast-hfb-mobile-header-display":"","site-post-title":"","ast-breadcrumbs-content":"","ast-featured-img":"","footer-sml-layout":"","theme-transparent-header-meta":"default","adv-header-id-meta":"","stick-header-meta":"default","header-above-stick-meta":"","header-main-stick-meta":"","header-below-stick-meta":"","astra-migrate-meta-layouts":"default","ast-page-background-enabled":"default","ast-page-background-meta":{"desktop":{"background-color":"var(--ast-global-color-4)","background-image":"","background-repeat":"repeat","background-position":"center center","background-size":"auto","background-attachment":"scroll","background-type":"","background-media":"","overlay-type":"","overlay-color":"","overlay-opacity":"","overlay-gradient":""},"tablet":{"background-color":"","background-image":"","background-repeat":"repeat","background-position":"center center","background-size":"auto","background-attachment":"scroll","background-type":"","background-media":"","overlay-type":"","overlay-color":"","overlay-opacity":"","overlay-gradient":""},"mobile":{"background-color":"","background-image":"","background-repeat":"repeat","background-position":"center center","background-size":"auto","background-attachment":"scroll","background-type":"","background-media":"","overlay-type":"","overlay-color":"","overlay-opacity":"","overlay-gradient":""}},"ast-content-background-meta":{"desktop":{"background-color":"var(--ast-global-color-5)","background-image":"","background-repeat":"repeat","background-position":"center center","background-size":"auto","background-attachment":"scroll","background-type":"","background-media":"","overlay-type":"","overlay-color":"","overlay-opacity":"","overlay-gradient":""},"tablet":{"background-color":"var(--ast-global-color-5)","background-image":"","background-repeat":"repeat","background-position":"center center","background-size":"auto","background-attachment":"scroll","background-type":"","background-media":"","overlay-type":"","overlay-color":"","overlay-opacity":"","overlay-gradient":""},"mobile":{"background-color":"var(--ast-global-color-5)","background-image":"","background-repeat":"repeat","background-position":"center center","background-size":"auto","background-attachment":"scroll","background-type":"","background-media":"","overlay-type":"","overlay-color":"","overlay-opacity":"","overlay-gradient":""}},"footnotes":""},"class_list":["post-873","page","type-page","status-publish","hentry"],"yoast_head":"<!-- This site is optimized with the Yoast SEO plugin v24.6 - https:\/\/yoast.com\/wordpress\/plugins\/seo\/ -->\n<title>Av\u00eds Legal - Laura Felgueras<\/title>\n<meta name=\"robots\" content=\"index, follow, max-snippet:-1, max-image-preview:large, max-video-preview:-1\" \/>\n<link rel=\"canonical\" href=\"https:\/\/laurafelgueras.com\/avis-legal\/\" \/>\n<meta property=\"og:locale\" content=\"ca_ES\" \/>\n<meta property=\"og:type\" content=\"article\" \/>\n<meta property=\"og:title\" content=\"Av\u00eds Legal - Laura Felgueras\" \/>\n<meta property=\"og:description\" content=\"Denominaci\u00f3n social: Laura Felgueras Guill\u00e9n (en adelante, La Prestadora) Domicilio: C\/ Pan\u00ed, 4, 17469, Vilamalla (Girona) NIF: 40594438J Tel\u00e9fono: 624607064 Correo electr\u00f3nico: laurafelguerasguillen@gmail.com 1. AVISO LEGAL 1. La Prestadora le indica que es obligaci\u00f3n del Usuario leer y conocer el [&hellip;]\" \/>\n<meta property=\"og:url\" content=\"https:\/\/laurafelgueras.com\/avis-legal\/\" \/>\n<meta property=\"og:site_name\" content=\"Laura Felgueras\" \/>\n<meta name=\"twitter:card\" content=\"summary_large_image\" \/>\n<meta name=\"twitter:label1\" content=\"Temps estimat de lectura\" \/>\n\t<meta name=\"twitter:data1\" content=\"7 minuts\" \/>\n<script type=\"application\/ld+json\" class=\"yoast-schema-graph\">{\"@context\":\"https:\/\/schema.org\",\"@graph\":[{\"@type\":\"WebPage\",\"@id\":\"https:\/\/laurafelgueras.com\/avis-legal\/\",\"url\":\"https:\/\/laurafelgueras.com\/avis-legal\/\",\"name\":\"Av\u00eds Legal - Laura Felgueras\",\"isPartOf\":{\"@id\":\"https:\/\/laurafelgueras.com\/#website\"},\"datePublished\":\"2024-01-31T13:12:58+00:00\",\"breadcrumb\":{\"@id\":\"https:\/\/laurafelgueras.com\/avis-legal\/#breadcrumb\"},\"inLanguage\":\"ca\",\"potentialAction\":[{\"@type\":\"ReadAction\",\"target\":[\"https:\/\/laurafelgueras.com\/avis-legal\/\"]}]},{\"@type\":\"BreadcrumbList\",\"@id\":\"https:\/\/laurafelgueras.com\/avis-legal\/#breadcrumb\",\"itemListElement\":[{\"@type\":\"ListItem\",\"position\":1,\"name\":\"Portada\",\"item\":\"https:\/\/laurafelgueras.com\/ca\/inici\/\"},{\"@type\":\"ListItem\",\"position\":2,\"name\":\"Av\u00eds Legal\"}]},{\"@type\":\"WebSite\",\"@id\":\"https:\/\/laurafelgueras.com\/#website\",\"url\":\"https:\/\/laurafelgueras.com\/\",\"name\":\"Laura Felgueras\",\"description\":\"\",\"potentialAction\":[{\"@type\":\"SearchAction\",\"target\":{\"@type\":\"EntryPoint\",\"urlTemplate\":\"https:\/\/laurafelgueras.com\/?s={search_term_string}\"},\"query-input\":{\"@type\":\"PropertyValueSpecification\",\"valueRequired\":true,\"valueName\":\"search_term_string\"}}],\"inLanguage\":\"ca\"}]}<\/script>\n<!-- \/ Yoast SEO plugin. -->","yoast_head_json":{"title":"Av\u00eds Legal - Laura Felgueras","robots":{"index":"index","follow":"follow","max-snippet":"max-snippet:-1","max-image-preview":"max-image-preview:large","max-video-preview":"max-video-preview:-1"},"canonical":"https:\/\/laurafelgueras.com\/avis-legal\/","og_locale":"ca_ES","og_type":"article","og_title":"Av\u00eds Legal - Laura Felgueras","og_description":"Denominaci\u00f3n social: Laura Felgueras Guill\u00e9n (en adelante, La Prestadora) Domicilio: C\/ Pan\u00ed, 4, 17469, Vilamalla (Girona) NIF: 40594438J Tel\u00e9fono: 624607064 Correo electr\u00f3nico: laurafelguerasguillen@gmail.com 1. AVISO LEGAL 1. La Prestadora le indica que es obligaci\u00f3n del Usuario leer y conocer el [&hellip;]","og_url":"https:\/\/laurafelgueras.com\/avis-legal\/","og_site_name":"Laura Felgueras","twitter_card":"summary_large_image","twitter_misc":{"Temps estimat de lectura":"7 minuts"},"schema":{"@context":"https:\/\/schema.org","@graph":[{"@type":"WebPage","@id":"https:\/\/laurafelgueras.com\/avis-legal\/","url":"https:\/\/laurafelgueras.com\/avis-legal\/","name":"Av\u00eds Legal - Laura Felgueras","isPartOf":{"@id":"https:\/\/laurafelgueras.com\/#website"},"datePublished":"2024-01-31T13:12:58+00:00","breadcrumb":{"@id":"https:\/\/laurafelgueras.com\/avis-legal\/#breadcrumb"},"inLanguage":"ca","potentialAction":[{"@type":"ReadAction","target":["https:\/\/laurafelgueras.com\/avis-legal\/"]}]},{"@type":"BreadcrumbList","@id":"https:\/\/laurafelgueras.com\/avis-legal\/#breadcrumb","itemListElement":[{"@type":"ListItem","position":1,"name":"Portada","item":"https:\/\/laurafelgueras.com\/ca\/inici\/"},{"@type":"ListItem","position":2,"name":"Av\u00eds Legal"}]},{"@type":"WebSite","@id":"https:\/\/laurafelgueras.com\/#website","url":"https:\/\/laurafelgueras.com\/","name":"Laura Felgueras","description":"","potentialAction":[{"@type":"SearchAction","target":{"@type":"EntryPoint","urlTemplate":"https:\/\/laurafelgueras.com\/?s={search_term_string}"},"query-input":{"@type":"PropertyValueSpecification","valueRequired":true,"valueName":"search_term_string"}}],"inLanguage":"ca"}]}},"_links":{"self":[{"href":"https:\/\/laurafelgueras.com\/ca\/wp-json\/wp\/v2\/pages\/873","targetHints":{"allow":["GET"]}}],"collection":[{"href":"https:\/\/laurafelgueras.com\/ca\/wp-json\/wp\/v2\/pages"}],"about":[{"href":"https:\/\/laurafelgueras.com\/ca\/wp-json\/wp\/v2\/types\/page"}],"author":[{"embeddable":true,"href":"https:\/\/laurafelgueras.com\/ca\/wp-json\/wp\/v2\/users\/1"}],"replies":[{"embeddable":true,"href":"https:\/\/laurafelgueras.com\/ca\/wp-json\/wp\/v2\/comments?post=873"}],"version-history":[{"count":0,"href":"https:\/\/laurafelgueras.com\/ca\/wp-json\/wp\/v2\/pages\/873\/revisions"}],"wp:attachment":[{"href":"https:\/\/laurafelgueras.com\/ca\/wp-json\/wp\/v2\/media?parent=873"}],"curies":[{"name":"wp","href":"https:\/\/api.w.org\/{rel}","templated":true}]}}