{"id":875,"date":"2023-11-28T11:52:37","date_gmt":"2023-11-28T10:52:37","guid":{"rendered":"https:\/\/laurafelgueras.com\/contacte\/"},"modified":"2025-03-05T10:41:02","modified_gmt":"2025-03-05T09:41:02","slug":"contacte","status":"publish","type":"page","link":"https:\/\/laurafelgueras.com\/ca\/contacte\/","title":{"rendered":"Contacte"},"content":{"rendered":"\t\t<div data-elementor-type=\"wp-page\" data-elementor-id=\"875\" class=\"elementor elementor-875 elementor-20\" data-elementor-post-type=\"page\">\n\t\t\t\t<div class=\"elementor-element elementor-element-7e7829e e-flex e-con-boxed e-con e-parent\" data-id=\"7e7829e\" data-element_type=\"container\">\n\t\t\t\t\t<div class=\"e-con-inner\">\n\t\t\t\t<div class=\"elementor-element elementor-element-09df9cb elementor-widget elementor-widget-heading\" data-id=\"09df9cb\" data-element_type=\"widget\" data-widget_type=\"heading.default\">\n\t\t\t\t<div class=\"elementor-widget-container\">\n\t\t\t\t\t<h2 class=\"elementor-heading-title elementor-size-default\">Advocada a Girona. Atenci\u00f3 Professional i R\u00e0pida<\/h2>\t\t\t\t<\/div>\n\t\t\t\t<\/div>\n\t\t\t\t<div class=\"elementor-element elementor-element-56722c0 elementor-widget elementor-widget-text-editor\" data-id=\"56722c0\" data-element_type=\"widget\" data-widget_type=\"text-editor.default\">\n\t\t\t\t<div class=\"elementor-widget-container\">\n\t\t\t\t\t\t\t\t\t<p>Si busques una <strong>advocada a Girona<\/strong> de confian\u00e7a, s\u00f3c aqu\u00ed per ajudar-te. Ofereixo un <a href=\"https:\/\/laurafelgueras.com\/ca\/serveis\/\"><strong>servei professional<\/strong><\/a>, proper i totalment personalitzat per resoldre qualsevol dubte o problema legal que puguis tenir.<\/p><p>Podeu contactar amb mi per sol\u00b7licitar m\u00e9s informaci\u00f3 o agendar una consulta sense comprom\u00eds. Estic disponible per atendre&#8217;t de forma presencial al meu despatx, per tel\u00e8fon o mitjan\u00e7ant videotrucada, adaptant-me a les teves necessitats.<\/p>\t\t\t\t\t\t\t\t<\/div>\n\t\t\t\t<\/div>\n\t\t\t\t\t<\/div>\n\t\t\t\t<\/div>\n\t\t<div class=\"elementor-element elementor-element-bebdd2a e-flex e-con-boxed e-con e-parent\" data-id=\"bebdd2a\" data-element_type=\"container\">\n\t\t\t\t\t<div class=\"e-con-inner\">\n\t\t<div class=\"elementor-element elementor-element-4d204af e-con-full e-flex e-con e-child\" data-id=\"4d204af\" data-element_type=\"container\">\n\t\t\t\t<div class=\"elementor-element elementor-element-858f0b0 elementor-view-default elementor-position-top elementor-mobile-position-top elementor-widget elementor-widget-icon-box\" data-id=\"858f0b0\" data-element_type=\"widget\" data-widget_type=\"icon-box.default\">\n\t\t\t\t<div class=\"elementor-widget-container\">\n\t\t\t\t\t\t\t<div class=\"elementor-icon-box-wrapper\">\n\n\t\t\t\t\t\t<div class=\"elementor-icon-box-icon\">\n\t\t\t\t<a href=\"tel:0034624607064\" class=\"elementor-icon\" tabindex=\"-1\" aria-label=\"Tel\u00e8fon\">\n\t\t\t\t<svg xmlns=\"http:\/\/www.w3.org\/2000\/svg\" viewBox=\"0 0 512 512\"><title><\/title><g data-name=\"1\" id=\"_1\"><path d=\"M348.73,450.06a198.63,198.63,0,0,1-46.4-5.85c-52.43-12.65-106.42-44.74-152-90.36s-77.71-99.62-90.36-152C46.65,146.75,56.15,99.61,86.69,69.07l8.72-8.72a42.2,42.2,0,0,1,59.62,0l50.11,50.1a42.18,42.18,0,0,1,0,59.62l-29.6,29.59c14.19,24.9,33.49,49.82,56.3,72.63s47.75,42.12,72.64,56.31L334.07,299a42.15,42.15,0,0,1,59.62,0l50.1,50.1a42.16,42.16,0,0,1,0,59.61l-8.73,8.72C413.53,439,383.73,450.06,348.73,450.06ZM125.22,78a12,12,0,0,0-8.59,3.56l-8.73,8.72c-22.87,22.87-29.55,60-18.81,104.49,11.37,47.13,40.64,96.1,82.41,137.86s90.73,71,137.87,82.41c44.5,10.74,81.61,4.06,104.48-18.81l8.72-8.72a12.16,12.16,0,0,0,0-17.19l-50.09-50.1a12.16,12.16,0,0,0-17.19,0l-37.51,37.51a15,15,0,0,1-17.5,2.72c-30.75-15.9-61.75-39.05-89.65-66.95s-51-58.88-66.94-89.63a15,15,0,0,1,2.71-17.5l37.52-37.51a12.16,12.16,0,0,0,0-17.19l-50.1-50.11A12.07,12.07,0,0,0,125.22,78Z\"><\/path><path d=\"M364.75,269.73a15,15,0,0,1-15-15,99.37,99.37,0,0,0-99.25-99.26,15,15,0,0,1,0-30c71.27,0,129.25,58,129.25,129.26A15,15,0,0,1,364.75,269.73Z\"><\/path><path d=\"M428.15,269.73a15,15,0,0,1-15-15c0-89.69-73-162.66-162.65-162.66a15,15,0,0,1,0-30c106.23,0,192.65,86.43,192.65,192.66A15,15,0,0,1,428.15,269.73Z\"><\/path><\/g><\/svg>\t\t\t\t<\/a>\n\t\t\t<\/div>\n\t\t\t\n\t\t\t\t\t\t<div class=\"elementor-icon-box-content\">\n\n\t\t\t\t\t\t\t\t\t<h3 class=\"elementor-icon-box-title\">\n\t\t\t\t\t\t<a href=\"tel:0034624607064\" >\n\t\t\t\t\t\t\tTel\u00e8fon\t\t\t\t\t\t<\/a>\n\t\t\t\t\t<\/h3>\n\t\t\t\t\n\t\t\t\t\t\t\t\t\t<p class=\"elementor-icon-box-description\">\n\t\t\t\t\t\t+34 624 607 064\t\t\t\t\t<\/p>\n\t\t\t\t\n\t\t\t<\/div>\n\t\t\t\n\t\t<\/div>\n\t\t\t\t\t\t<\/div>\n\t\t\t\t<\/div>\n\t\t\t\t<\/div>\n\t\t<div class=\"elementor-element elementor-element-ad6d62b e-con-full e-flex e-con e-child\" data-id=\"ad6d62b\" data-element_type=\"container\">\n\t\t\t\t<div class=\"elementor-element elementor-element-4b2c8e9 elementor-view-default elementor-position-top elementor-mobile-position-top elementor-widget elementor-widget-icon-box\" data-id=\"4b2c8e9\" data-element_type=\"widget\" data-widget_type=\"icon-box.default\">\n\t\t\t\t<div class=\"elementor-widget-container\">\n\t\t\t\t\t\t\t<div class=\"elementor-icon-box-wrapper\">\n\n\t\t\t\t\t\t<div class=\"elementor-icon-box-icon\">\n\t\t\t\t<a href=\"#\" class=\"elementor-icon\" tabindex=\"-1\" aria-label=\"Email\">\n\t\t\t\t<svg xmlns=\"http:\/\/www.w3.org\/2000\/svg\" xmlns:xlink=\"http:\/\/www.w3.org\/1999\/xlink\" id=\"Capa_1\" x=\"0px\" y=\"0px\" viewBox=\"0 0 63 63\" style=\"enable-background:new 0 0 63 63;\" xml:space=\"preserve\"><g>\t<g id=\"group-58svg\">\t\t<path id=\"path-1_52_\" d=\"M53.892,55.347H10.163C5.049,55.347,0,51.618,0,46.066V22.676c0-5.222,4.309-9.635,9.66-9.635   c0.828,0,1.394,0.672,1.394,1.5c0,0.829-0.512,1.5-1.34,1.5C5.987,16.041,3,19.08,3,22.676v23.391   c0,3.701,3.573,6.281,7.163,6.281h43.729c3.504,0,6.108-2.407,6.108-6.281V22.676c0-3.782-2.861-6.635-6.372-6.635   c-0.827,0-1.607-0.671-1.607-1.5c0-0.828,0.832-1.5,1.661-1.5c5.22,0,9.318,4.142,9.318,9.635v23.391   C63,51.618,59.084,55.347,53.892,55.347z\"><\/path>\t\t<path id=\"path-2_52_\" d=\"M31.995,37.403c-1.617,0-3.227-0.402-4.667-1.205L2.76,20.899c-0.703-0.438-0.918-1.363-0.481-2.066   c0.439-0.705,1.364-0.916,2.067-0.481l24.505,15.262c1.955,1.086,4.453,1.07,6.458-0.074l23.896-15.18   c0.701-0.445,1.626-0.238,2.071,0.462c0.444,0.699,0.238,1.626-0.462,2.07L36.857,36.108   C35.347,36.972,33.667,37.403,31.995,37.403z\"><\/path>\t\t<path id=\"path-3_40_\" d=\"M34.075,13.485l0.27-1.192h2.836l-1.633,7.702c-0.102,0.487-0.151,0.809-0.151,0.967   c0,0.165,0.041,0.294,0.123,0.386c0.083,0.094,0.182,0.14,0.295,0.14c0.387,0,0.887-0.252,1.5-0.757   c0.612-0.505,1.145-1.193,1.6-2.063c0.455-0.87,0.682-1.821,0.682-2.852c0-0.859-0.162-1.668-0.489-2.428   c-0.326-0.758-0.796-1.418-1.412-1.976c-0.617-0.559-1.377-0.995-2.283-1.311c-0.906-0.315-1.932-0.472-3.078-0.472   c-1.166,0-2.238,0.152-3.211,0.456c-0.975,0.305-1.83,0.741-2.568,1.311c-0.737,0.569-1.354,1.273-1.848,2.111   c-0.436,0.73-0.77,1.54-0.998,2.427c-0.231,0.888-0.344,1.794-0.344,2.718c0,1.232,0.244,2.358,0.737,3.378   c0.49,1.021,1.203,1.877,2.136,2.568c0.936,0.691,2.065,1.181,3.389,1.472c1.326,0.289,2.822,0.349,4.49,0.177   c1.326-0.157,2.447-0.459,3.369-0.903c0.92-0.444,1.698-1.067,2.336-1.869h2.287c-0.371,0.766-0.857,1.451-1.455,2.052   c-0.597,0.602-1.299,1.108-2.099,1.52c-0.803,0.412-1.702,0.725-2.698,0.94c-0.994,0.215-2.08,0.322-3.254,0.322   c-1.761,0-3.347-0.23-4.759-0.692c-1.41-0.463-2.598-1.129-3.561-1.998c-0.963-0.871-1.691-1.909-2.185-3.116   c-0.495-1.206-0.743-2.54-0.743-4.001c0-1.526,0.254-2.95,0.764-4.276c0.508-1.324,1.24-2.476,2.197-3.453   c0.955-0.978,2.123-1.742,3.502-2.294c1.377-0.551,2.899-0.827,4.559-0.827c1.361,0,2.609,0.199,3.744,0.596   c1.135,0.398,2.107,0.969,2.916,1.714c0.811,0.745,1.428,1.627,1.854,2.648c0.425,1.02,0.638,2.147,0.638,3.378   c0,0.96-0.172,1.9-0.515,2.82c-0.344,0.92-0.836,1.747-1.477,2.481c-0.641,0.735-1.394,1.315-2.262,1.741   c-0.865,0.426-1.8,0.639-2.802,0.639c-0.581,0-1.032-0.098-1.354-0.296c-0.322-0.196-0.537-0.51-0.644-0.94   c-0.623,0.617-1.34,1.005-2.149,1.166c-0.81,0.161-1.594,0.086-2.353-0.226c-0.758-0.311-1.373-0.836-1.842-1.573   c-0.469-0.738-0.703-1.647-0.703-2.729c0-1.124,0.242-2.23,0.724-3.319c0.485-1.089,1.172-1.98,2.063-2.675   c0.892-0.694,1.9-1.042,3.023-1.042C32.528,12.035,33.474,12.518,34.075,13.485z M28.2,19.051c0,0.859,0.178,1.518,0.537,1.976   c0.358,0.459,0.826,0.688,1.406,0.688c0.674,0,1.266-0.269,1.78-0.806c0.512-0.537,0.9-1.215,1.164-2.036   c0.265-0.819,0.398-1.612,0.398-2.379c0-0.379-0.045-0.721-0.134-1.026c-0.09-0.304-0.223-0.571-0.397-0.8   c-0.176-0.229-0.387-0.403-0.635-0.521c-0.246-0.118-0.527-0.177-0.843-0.177c-0.629,0-1.198,0.245-1.702,0.735   c-0.505,0.491-0.894,1.128-1.166,1.912C28.335,17.402,28.2,18.212,28.2,19.051z\"><\/path>\t<\/g><\/g><g><\/g><g><\/g><g><\/g><g><\/g><g><\/g><g><\/g><g><\/g><g><\/g><g><\/g><g><\/g><g><\/g><g><\/g><g><\/g><g><\/g><g><\/g><\/svg>\t\t\t\t<\/a>\n\t\t\t<\/div>\n\t\t\t\n\t\t\t\t\t\t<div class=\"elementor-icon-box-content\">\n\n\t\t\t\t\t\t\t\t\t<h3 class=\"elementor-icon-box-title\">\n\t\t\t\t\t\t<a href=\"#\" >\n\t\t\t\t\t\t\tEmail\t\t\t\t\t\t<\/a>\n\t\t\t\t\t<\/h3>\n\t\t\t\t\n\t\t\t\t\t\t\t\t\t<p class=\"elementor-icon-box-description\">\n\t\t\t\t\t\tinfo@laurafelgueras.com\t\t\t\t\t<\/p>\n\t\t\t\t\n\t\t\t<\/div>\n\t\t\t\n\t\t<\/div>\n\t\t\t\t\t\t<\/div>\n\t\t\t\t<\/div>\n\t\t\t\t<\/div>\n\t\t<div class=\"elementor-element elementor-element-a4ec60b e-con-full e-flex e-con e-child\" data-id=\"a4ec60b\" data-element_type=\"container\">\n\t\t\t\t<div class=\"elementor-element elementor-element-6628c26 elementor-view-default elementor-position-top elementor-mobile-position-top elementor-widget elementor-widget-icon-box\" data-id=\"6628c26\" data-element_type=\"widget\" data-widget_type=\"icon-box.default\">\n\t\t\t\t<div class=\"elementor-widget-container\">\n\t\t\t\t\t\t\t<div class=\"elementor-icon-box-wrapper\">\n\n\t\t\t\t\t\t<div class=\"elementor-icon-box-icon\">\n\t\t\t\t<a href=\"#\" class=\"elementor-icon\" tabindex=\"-1\" aria-label=\"Ubicaci\u00f3\">\n\t\t\t\t<svg xmlns=\"http:\/\/www.w3.org\/2000\/svg\" viewBox=\"0 0 512 512\"><title><\/title><g data-name=\"1\" id=\"_1\"><path d=\"M257,450.17a15,15,0,0,1-7.32-1.91A282.08,282.08,0,0,1,105,201.8q0-3.08.06-6.14c1-45.48,17.93-83.78,49-110.75C181.54,61.11,218.09,48,257,48s75.45,13.11,102.9,36.91c31.1,27,48.06,65.27,49,110.75h0c0,2,.07,4.09.07,6.14a281.8,281.8,0,0,1-40,144.87A283.7,283.7,0,0,1,264.32,448.26,15,15,0,0,1,257,450.17ZM257,78c-31.69,0-61.26,10.5-83.25,29.58-24.53,21.26-37.91,51.94-38.69,88.72,0,1.82-.06,3.66-.06,5.5a252.06,252.06,0,0,0,122,216,253.66,253.66,0,0,0,86.28-86.58A251.83,251.83,0,0,0,379,201.8c0-1.84,0-3.68-.06-5.5-.79-36.78-14.17-67.46-38.69-88.72C318.25,88.5,288.69,78,257,78Z\"><\/path><path d=\"M257.39,296.6a94.32,94.32,0,1,1,94.32-94.32A94.42,94.42,0,0,1,257.39,296.6Zm0-158.63a64.32,64.32,0,1,0,64.32,64.31A64.39,64.39,0,0,0,257.39,138Z\"><\/path><\/g><\/svg>\t\t\t\t<\/a>\n\t\t\t<\/div>\n\t\t\t\n\t\t\t\t\t\t<div class=\"elementor-icon-box-content\">\n\n\t\t\t\t\t\t\t\t\t<h3 class=\"elementor-icon-box-title\">\n\t\t\t\t\t\t<a href=\"#\" >\n\t\t\t\t\t\t\tUbicaci\u00f3\t\t\t\t\t\t<\/a>\n\t\t\t\t\t<\/h3>\n\t\t\t\t\n\t\t\t\t\t\t\t\t\t<p class=\"elementor-icon-box-description\">\n\t\t\t\t\t\tAlt Empord\u00e0, Girona\t\t\t\t\t<\/p>\n\t\t\t\t\n\t\t\t<\/div>\n\t\t\t\n\t\t<\/div>\n\t\t\t\t\t\t<\/div>\n\t\t\t\t<\/div>\n\t\t\t\t<\/div>\n\t\t\t\t\t<\/div>\n\t\t\t\t<\/div>\n\t\t\t\t<\/div>\n\t\t","protected":false},"excerpt":{"rendered":"<p>Advocada a Girona. Atenci\u00f3 Professional i R\u00e0pida Si busques una advocada a Girona de confian\u00e7a, s\u00f3c aqu\u00ed per ajudar-te. Ofereixo un servei professional, proper i totalment personalitzat per resoldre qualsevol dubte o problema legal que puguis tenir. Podeu contactar amb [&hellip;]<\/p>\n","protected":false},"author":1,"featured_media":0,"parent":0,"menu_order":0,"comment_status":"closed","ping_status":"closed","template":"","meta":{"site-sidebar-layout":"no-sidebar","site-content-layout":"","ast-site-content-layout":"full-width-container","site-content-style":"default","site-sidebar-style":"default","ast-global-header-display":"","ast-banner-title-visibility":"","ast-main-header-display":"","ast-hfb-above-header-display":"","ast-hfb-below-header-display":"","ast-hfb-mobile-header-display":"","site-post-title":"disabled","ast-breadcrumbs-content":"","ast-featured-img":"disabled","footer-sml-layout":"","theme-transparent-header-meta":"default","adv-header-id-meta":"444","stick-header-meta":"default","header-above-stick-meta":"","header-main-stick-meta":"","header-below-stick-meta":"","astra-migrate-meta-layouts":"default","ast-page-background-enabled":"default","ast-page-background-meta":{"desktop":{"background-color":"var(--ast-global-color-4)","background-image":"","background-repeat":"repeat","background-position":"center center","background-size":"auto","background-attachment":"scroll","background-type":"","background-media":"","overlay-type":"","overlay-color":"","overlay-opacity":"","overlay-gradient":""},"tablet":{"background-color":"","background-image":"","background-repeat":"repeat","background-position":"center center","background-size":"auto","background-attachment":"scroll","background-type":"","background-media":"","overlay-type":"","overlay-color":"","overlay-opacity":"","overlay-gradient":""},"mobile":{"background-color":"","background-image":"","background-repeat":"repeat","background-position":"center center","background-size":"auto","background-attachment":"scroll","background-type":"","background-media":"","overlay-type":"","overlay-color":"","overlay-opacity":"","overlay-gradient":""}},"ast-content-background-meta":{"desktop":{"background-color":"var(--ast-global-color-5)","background-image":"","background-repeat":"repeat","background-position":"center center","background-size":"auto","background-attachment":"scroll","background-type":"","background-media":"","overlay-type":"","overlay-color":"","overlay-opacity":"","overlay-gradient":""},"tablet":{"background-color":"var(--ast-global-color-5)","background-image":"","background-repeat":"repeat","background-position":"center center","background-size":"auto","background-attachment":"scroll","background-type":"","background-media":"","overlay-type":"","overlay-color":"","overlay-opacity":"","overlay-gradient":""},"mobile":{"background-color":"var(--ast-global-color-5)","background-image":"","background-repeat":"repeat","background-position":"center center","background-size":"auto","background-attachment":"scroll","background-type":"","background-media":"","overlay-type":"","overlay-color":"","overlay-opacity":"","overlay-gradient":""}},"footnotes":""},"class_list":["post-875","page","type-page","status-publish","hentry"],"yoast_head":"<!-- This site is optimized with the Yoast SEO plugin v24.6 - https:\/\/yoast.com\/wordpress\/plugins\/seo\/ -->\n<title>Contacta amb Laura Felgueras, Advocada a Girona<\/title>\n<meta name=\"description\" content=\"Advocada a Girona, Laura Felgueras, assessorament legal personalitzat tant per a assumptes judicials com extrajudicials.\" \/>\n<meta name=\"robots\" content=\"index, follow, max-snippet:-1, max-image-preview:large, max-video-preview:-1\" \/>\n<link rel=\"canonical\" href=\"https:\/\/laurafelgueras.com\/ca\/contacte\/\" \/>\n<meta property=\"og:locale\" content=\"ca_ES\" \/>\n<meta property=\"og:type\" content=\"article\" \/>\n<meta property=\"og:title\" content=\"Contacta amb Laura Felgueras, Advocada a Girona\" \/>\n<meta property=\"og:description\" content=\"Advocada a Girona, Laura Felgueras, assessorament legal personalitzat tant per a assumptes judicials com extrajudicials.\" \/>\n<meta property=\"og:url\" content=\"https:\/\/laurafelgueras.com\/ca\/contacte\/\" \/>\n<meta property=\"og:site_name\" content=\"Laura Felgueras\" \/>\n<meta property=\"article:modified_time\" content=\"2025-03-05T09:41:02+00:00\" \/>\n<meta name=\"twitter:card\" content=\"summary_large_image\" \/>\n<script type=\"application\/ld+json\" class=\"yoast-schema-graph\">{\"@context\":\"https:\/\/schema.org\",\"@graph\":[{\"@type\":\"WebPage\",\"@id\":\"https:\/\/laurafelgueras.com\/ca\/contacte\/\",\"url\":\"https:\/\/laurafelgueras.com\/ca\/contacte\/\",\"name\":\"Contacta amb Laura Felgueras, Advocada a Girona\",\"isPartOf\":{\"@id\":\"https:\/\/laurafelgueras.com\/#website\"},\"datePublished\":\"2023-11-28T10:52:37+00:00\",\"dateModified\":\"2025-03-05T09:41:02+00:00\",\"description\":\"Advocada a Girona, Laura Felgueras, assessorament legal personalitzat tant per a assumptes judicials com extrajudicials.\",\"breadcrumb\":{\"@id\":\"https:\/\/laurafelgueras.com\/ca\/contacte\/#breadcrumb\"},\"inLanguage\":\"ca\",\"potentialAction\":[{\"@type\":\"ReadAction\",\"target\":[\"https:\/\/laurafelgueras.com\/ca\/contacte\/\"]}]},{\"@type\":\"BreadcrumbList\",\"@id\":\"https:\/\/laurafelgueras.com\/ca\/contacte\/#breadcrumb\",\"itemListElement\":[{\"@type\":\"ListItem\",\"position\":1,\"name\":\"Portada\",\"item\":\"https:\/\/laurafelgueras.com\/ca\/inici\/\"},{\"@type\":\"ListItem\",\"position\":2,\"name\":\"Contacte\"}]},{\"@type\":\"WebSite\",\"@id\":\"https:\/\/laurafelgueras.com\/#website\",\"url\":\"https:\/\/laurafelgueras.com\/\",\"name\":\"Laura Felgueras\",\"description\":\"\",\"potentialAction\":[{\"@type\":\"SearchAction\",\"target\":{\"@type\":\"EntryPoint\",\"urlTemplate\":\"https:\/\/laurafelgueras.com\/?s={search_term_string}\"},\"query-input\":{\"@type\":\"PropertyValueSpecification\",\"valueRequired\":true,\"valueName\":\"search_term_string\"}}],\"inLanguage\":\"ca\"}]}<\/script>\n<!-- \/ Yoast SEO plugin. -->","yoast_head_json":{"title":"Contacta amb Laura Felgueras, Advocada a Girona","description":"Advocada a Girona, Laura Felgueras, assessorament legal personalitzat tant per a assumptes judicials com extrajudicials.","robots":{"index":"index","follow":"follow","max-snippet":"max-snippet:-1","max-image-preview":"max-image-preview:large","max-video-preview":"max-video-preview:-1"},"canonical":"https:\/\/laurafelgueras.com\/ca\/contacte\/","og_locale":"ca_ES","og_type":"article","og_title":"Contacta amb Laura Felgueras, Advocada a Girona","og_description":"Advocada a Girona, Laura Felgueras, assessorament legal personalitzat tant per a assumptes judicials com extrajudicials.","og_url":"https:\/\/laurafelgueras.com\/ca\/contacte\/","og_site_name":"Laura Felgueras","article_modified_time":"2025-03-05T09:41:02+00:00","twitter_card":"summary_large_image","schema":{"@context":"https:\/\/schema.org","@graph":[{"@type":"WebPage","@id":"https:\/\/laurafelgueras.com\/ca\/contacte\/","url":"https:\/\/laurafelgueras.com\/ca\/contacte\/","name":"Contacta amb Laura Felgueras, Advocada a Girona","isPartOf":{"@id":"https:\/\/laurafelgueras.com\/#website"},"datePublished":"2023-11-28T10:52:37+00:00","dateModified":"2025-03-05T09:41:02+00:00","description":"Advocada a Girona, Laura Felgueras, assessorament legal personalitzat tant per a assumptes judicials com extrajudicials.","breadcrumb":{"@id":"https:\/\/laurafelgueras.com\/ca\/contacte\/#breadcrumb"},"inLanguage":"ca","potentialAction":[{"@type":"ReadAction","target":["https:\/\/laurafelgueras.com\/ca\/contacte\/"]}]},{"@type":"BreadcrumbList","@id":"https:\/\/laurafelgueras.com\/ca\/contacte\/#breadcrumb","itemListElement":[{"@type":"ListItem","position":1,"name":"Portada","item":"https:\/\/laurafelgueras.com\/ca\/inici\/"},{"@type":"ListItem","position":2,"name":"Contacte"}]},{"@type":"WebSite","@id":"https:\/\/laurafelgueras.com\/#website","url":"https:\/\/laurafelgueras.com\/","name":"Laura Felgueras","description":"","potentialAction":[{"@type":"SearchAction","target":{"@type":"EntryPoint","urlTemplate":"https:\/\/laurafelgueras.com\/?s={search_term_string}"},"query-input":{"@type":"PropertyValueSpecification","valueRequired":true,"valueName":"search_term_string"}}],"inLanguage":"ca"}]}},"_links":{"self":[{"href":"https:\/\/laurafelgueras.com\/ca\/wp-json\/wp\/v2\/pages\/875","targetHints":{"allow":["GET"]}}],"collection":[{"href":"https:\/\/laurafelgueras.com\/ca\/wp-json\/wp\/v2\/pages"}],"about":[{"href":"https:\/\/laurafelgueras.com\/ca\/wp-json\/wp\/v2\/types\/page"}],"author":[{"embeddable":true,"href":"https:\/\/laurafelgueras.com\/ca\/wp-json\/wp\/v2\/users\/1"}],"replies":[{"embeddable":true,"href":"https:\/\/laurafelgueras.com\/ca\/wp-json\/wp\/v2\/comments?post=875"}],"version-history":[{"count":4,"href":"https:\/\/laurafelgueras.com\/ca\/wp-json\/wp\/v2\/pages\/875\/revisions"}],"predecessor-version":[{"id":955,"href":"https:\/\/laurafelgueras.com\/ca\/wp-json\/wp\/v2\/pages\/875\/revisions\/955"}],"wp:attachment":[{"href":"https:\/\/laurafelgueras.com\/ca\/wp-json\/wp\/v2\/media?parent=875"}],"curies":[{"name":"wp","href":"https:\/\/api.w.org\/{rel}","templated":true}]}}