{"id":877,"date":"2024-01-31T14:11:48","date_gmt":"2024-01-31T13:11:48","guid":{"rendered":"https:\/\/laurafelgueras.com\/politica-de-cookies\/"},"modified":"2024-01-31T14:11:48","modified_gmt":"2024-01-31T13:11:48","slug":"politica-de-cookies","status":"publish","type":"page","link":"https:\/\/laurafelgueras.com\/ca\/politica-de-cookies\/","title":{"rendered":"Pol\u00edtica de Cookies"},"content":{"rendered":"<p>La Prestadora, Laura Felgueras Guill\u00e9n, t\u00e9 un clar comprom\u00eds de transpar\u00e8ncia i respecte a les dades personals dels seus clients i Usuaris, per aix\u00f2, indica de manera detallada qu\u00e8 \u00e9s una galeta, i com les utilitza:<\/p>\n<p>1. QU\u00c8 \u00c9S UNA COOKIE?<br \/>\nDispositiu d&#8217;emmagatzematge i recuperaci\u00f3 de dades enviades de les p\u00e0gines web que visiteu al vostre navegador. En general, aquestes tecnologies poden servir per a finalitats molt diverses, com recon\u00e8ixer-lo com a Usuari, obtenir informaci\u00f3 dels seus h\u00e0bits de navegaci\u00f3, o personalitzar la manera com es mostra el contingut, exercint un paper molt important, i contribuint a tenir una millor experi\u00e8ncia de navegaci\u00f3 per a l&#8217;usuari. <\/p>\n<p>2. COOKIES QUE S&#8217;UTILITZEN<br \/>\n S&#8217;utilitzen galetes que recapten dades personals:<br \/>\n \u00b7 Cookies pr\u00f2pies: Aquelles que envien a l&#8217;equip terminal de l&#8217;usuari des d&#8217;un equip o domini gestionat per l&#8217;editor, i des del qual es presta el servei sol\u00b7licitat per l&#8217;usuari.<br \/>\n\u00b7 Cookies de sessi\u00f3: Permeten al responsable d&#8217;aquestes el seguiment i l&#8217;an\u00e0lisi del comportament de l&#8217;usuari dels llocs web als quals estan vinculades. La informaci\u00f3 que recullen aquest tipus de cookies s&#8217;usa en el mesurament de l&#8217;activitat dels llocs web, l&#8217;aplicaci\u00f3 o la plataforma, i per a l&#8217;elaboraci\u00f3 de perfils de navegaci\u00f3 dels usuaris d&#8217;aquests llocs, per introduir millores en funci\u00f3 de l&#8217;an\u00e0lisi de les dades d&#8217;\u00fas que fan els usuaris del servei. Concretament, s&#8217;usa Google Analytics per ajudar la web a analitzar l&#8217;\u00fas que fan els usuaris del lloc web i millorar-ne la usabilitat, per\u00f2 en cap cas s&#8217;associen a dades que puguin arribar a identificar l&#8217;usuari. Google Analytics \u00e9s un servei prestat per Google, Inc., una companyia de Delaware que t\u00e9 com a oficina principal el 1600 Amphitheatre Parkway, Mountain<br \/>\nView (Calif\u00f2rnia), CA 94043, Estats Units.<br \/>\n\u00b7 Cookies de xarxes socials externes: S&#8217;utilitzen perqu\u00e8 els visitants puguin interactuar amb el contingut de diferents plataformes socials (Facebook, Youtube, X, LinkedIn, Instagram, etc.), de manera que els usuaris puguin punxar en botons del tipus \u201cM&#8217;agrada\u201d o \u201cCompartir\u201d, i es generen \u00fanicament per als usuaris de les xarxes socials. Les condicions d&#8217;utilitzaci\u00f3 d&#8217;aquestes galetes i la informaci\u00f3 recopilada es regulen per la pol\u00edtica de privadesa de la plataforma social corresponent. <\/p>\n<p>3. PER\u00cdODE DE CONSERVACI\u00d3 DE DADES RECAPTADES PER LES COOKIES<\/p>\n<table cellspacing=\"0\" cellpadding=\"2\">\n<tbody>\n<tr valign=\"bottom\">\n<td>Cookie<\/td>\n<td>Temps de conservaci\u00f3<\/td>\n<td>Finalitat<\/td>\n<\/tr>\n<tr valign=\"bottom\">\n<td>PHPSESSID<\/td>\n<td>1 any<\/td>\n<td>Essencials per al funcionament de la web<\/td>\n<\/tr>\n<tr valign=\"bottom\">\n<td>__stripe_mid<\/td>\n<td>1 any<\/td>\n<td>Facilitar el pagament de comandes en l\u00ednia<\/td>\n<\/tr>\n<tr valign=\"bottom\">\n<td>_ga<\/td>\n<td>1 any<\/td>\n<td>Distingir els usuaris<\/td>\n<\/tr>\n<tr valign=\"bottom\">\n<td>_gat_gtag_UA_123671436_1<\/td>\n<td>1 any<\/td>\n<td>Distingir els usuaris i sessions<\/td>\n<\/tr>\n<tr valign=\"bottom\">\n<td>_gat_gtag_UA_153775599_2<\/td>\n<td>1 any<\/td>\n<td>Distingir els usuaris i sessions<\/td>\n<\/tr>\n<tr valign=\"bottom\">\n<td>_gid<\/td>\n<td>1 any<\/td>\n<td>Distingir els usuaris<\/td>\n<\/tr>\n<tr valign=\"bottom\">\n<td>wp-settings-2<\/td>\n<td>1 any<\/td>\n<td>Personalitzar la interf\u00edcie de l&#8217;usuari<\/td>\n<\/tr>\n<tr valign=\"bottom\">\n<td>wp-settings-time-2<\/td>\n<td>1 any<\/td>\n<td>Emmagatzemar l&#8217;aspecte de la interf\u00edcie d&#8217;administraci\u00f3<\/td>\n<\/tr>\n<tr valign=\"bottom\">\n<td>wordpress_logged_in_<\/td>\n<td>1 any<\/td>\n<td>Cookie de WordPress per a usuaris amb sessi\u00f3 iniciada<\/td>\n<\/tr>\n<tr valign=\"bottom\">\n<td>wordpress_sec_<\/td>\n<td>1 any<\/td>\n<td>Controleu l&#8217;acc\u00e9s d&#8217;un usuari al servei de WordPress<\/td>\n<\/tr>\n<tr valign=\"bottom\">\n<td>wordpress_test_cookie<\/td>\n<td>1 any<\/td>\n<td>Comprovar si el navegador t\u00e9 les galetes activades<\/td>\n<\/tr>\n<tr valign=\"bottom\">\n<td>wp-wpml_current_admin_language_<\/td>\n<td>1 any<\/td>\n<td>Emmagatzemar l&#8217;idioma actual de l&#8217;\u00e0rea d&#8217;administraci\u00f3<\/td>\n<\/tr>\n<tr valign=\"bottom\">\n<td>wp-wpml_current_language_<\/td>\n<td>1 any<\/td>\n<td>Emmagatzemar l&#8217;idioma actual<\/td>\n<\/tr>\n<tr valign=\"bottom\">\n<td>1P_JAR<\/td>\n<td>1 any<\/td>\n<td>Fer la publicitat m\u00e9s atractiva<\/td>\n<\/tr>\n<tr valign=\"bottom\">\n<td>CONSENT<\/td>\n<td>1 any<\/td>\n<td>Funci\u00f3 d&#8217;acceptaci\u00f3 de cookies a llocs web<\/td>\n<\/tr>\n<tr valign=\"bottom\">\n<td>NID<\/td>\n<td>1 any<\/td>\n<td>Emmagatzemar les prefer\u00e8ncies de l&#8217;usuari<\/td>\n<\/tr>\n<tr valign=\"bottom\">\n<td>__Secure-3PAPISID<\/td>\n<td>1 any<\/td>\n<td>Lliurar anuncis m\u00e9s rellevants<\/td>\n<\/tr>\n<tr valign=\"bottom\">\n<td>__Secure-3PSID<\/td>\n<td>1 any<\/td>\n<td>Lliurar anuncis m\u00e9s rellevants<\/td>\n<\/tr>\n<tr valign=\"bottom\">\n<td>__Secure-3PSIDCC<\/td>\n<td>1 any<\/td>\n<td>Lliurar anuncis m\u00e9s rellevants<\/td>\n<\/tr>\n<tr valign=\"bottom\">\n<td>_fbp<\/td>\n<td>1 any<\/td>\n<td>Recopilar estad\u00edstiques sobre les visites i el rendiment de les campanyes publicit\u00e0ries<\/td>\n<\/tr>\n<\/tbody>\n<\/table>\n<p><strong>4. PROTECCI\u00d3 DE DADES<\/strong><br \/>\n Podr\u00e0 trobar m\u00e9s informaci\u00f3 sobre com tractem les seves dades a la nostra Pol\u00edtica de Privadesa.<\/p>\n<p><strong>5. ACCEPTACI\u00d3 DE LA POL\u00cdTICA DE COOKIES<\/strong><br \/>\n Si accepteu l&#8217;\u00fas de les galetes, haureu de fer-ho prement el bot\u00f3 a aquest efecte, en cas contrari, no s&#8217;instal\u00b7lar\u00e0 cap galeta al vostre ordinador, per\u00f2 \u00e9s possible que alguna de les funcionalitats de la web es vegi afectada.<br \/>\n Tamb\u00e9 podeu permetre o bloquejar les galetes, aix\u00ed com esborrar les vostres dades de navegaci\u00f3, incloses les galetes, des del navegador que utilitza. Consulteu les opcions que ofereix el vostre navegador per fer-ho.<\/p>\n<p>Recordeu que, si accepteu les galetes de tercers, haureu d&#8217;eliminar-les des de les opcions de navegador:<br \/>\n \u2022 Microsoft Internet Explorer o Microsoft Edge: <a href=\"https:\/\/www.microsoft.com\/es-es\/windows\" target=\"_blank\" rel=\"noopener\">http:\/\/windows.microsoft.com\/esca\/windows-vista \/Block-or-allow-cookies<\/a><br \/>\n \u2022 Mozilla Firefox: <a href=\"https:\/\/support.mozilla.org\/es\/kb\/impedir-que-los-sitios-web-%20guarden-sus-preferencia\" target=\"_blank\" rel=\"noopener\">http:\/\/support.mozilla.org\/es\/kb\/impedir-que-los-sitios-web- guarden-sus-preferencia<\/a><br \/>\n \u2022 Chrome: <a href=\"https:\/\/support.google.com\/accounts\/answer\/61416?hl=es\" target=\"_blank\" rel=\"noopener\">https:\/\/support.google.com\/accounts\/answer\/61416?hl=ca<\/a><br \/>\n \u2022 Safari: <a href=\"http:\/\/safari.helpmax.net\/es\/privacidad-y-seguridad\/como-gestionar-las-cookies\/\" target=\"_blank\" rel=\"noopener\">http:\/\/safari.helpmax.net\/es\/privacidad-y-seguridad\/como-gestionar-las-cookies\/<\/a><br \/>\n \u2022 Opera: <a href=\"http:\/\/help.opera.com\/Linux\/10.60\/es-ES\/cookies.html\" target=\"_blank\" rel=\"noopener\">http:\/\/help.opera.com\/Linux\/10.60\/es-ES\/cookies.html<\/a><\/p>\n","protected":false},"excerpt":{"rendered":"<p>La Prestadora, Laura Felgueras Guill\u00e9n, t\u00e9 un clar comprom\u00eds de transpar\u00e8ncia i respecte a les dades personals dels seus clients i Usuaris, per aix\u00f2, indica de manera detallada qu\u00e8 \u00e9s una galeta, i com les utilitza: 1. QU\u00c8 \u00c9S UNA [&hellip;]<\/p>\n","protected":false},"author":1,"featured_media":0,"parent":0,"menu_order":0,"comment_status":"closed","ping_status":"closed","template":"","meta":{"site-sidebar-layout":"default","site-content-layout":"","ast-site-content-layout":"default","site-content-style":"default","site-sidebar-style":"default","ast-global-header-display":"","ast-banner-title-visibility":"","ast-main-header-display":"","ast-hfb-above-header-display":"","ast-hfb-below-header-display":"","ast-hfb-mobile-header-display":"","site-post-title":"","ast-breadcrumbs-content":"","ast-featured-img":"","footer-sml-layout":"","theme-transparent-header-meta":"default","adv-header-id-meta":"","stick-header-meta":"default","header-above-stick-meta":"","header-main-stick-meta":"","header-below-stick-meta":"","astra-migrate-meta-layouts":"default","ast-page-background-enabled":"default","ast-page-background-meta":{"desktop":{"background-color":"var(--ast-global-color-4)","background-image":"","background-repeat":"repeat","background-position":"center center","background-size":"auto","background-attachment":"scroll","background-type":"","background-media":"","overlay-type":"","overlay-color":"","overlay-opacity":"","overlay-gradient":""},"tablet":{"background-color":"","background-image":"","background-repeat":"repeat","background-position":"center center","background-size":"auto","background-attachment":"scroll","background-type":"","background-media":"","overlay-type":"","overlay-color":"","overlay-opacity":"","overlay-gradient":""},"mobile":{"background-color":"","background-image":"","background-repeat":"repeat","background-position":"center center","background-size":"auto","background-attachment":"scroll","background-type":"","background-media":"","overlay-type":"","overlay-color":"","overlay-opacity":"","overlay-gradient":""}},"ast-content-background-meta":{"desktop":{"background-color":"var(--ast-global-color-5)","background-image":"","background-repeat":"repeat","background-position":"center center","background-size":"auto","background-attachment":"scroll","background-type":"","background-media":"","overlay-type":"","overlay-color":"","overlay-opacity":"","overlay-gradient":""},"tablet":{"background-color":"var(--ast-global-color-5)","background-image":"","background-repeat":"repeat","background-position":"center center","background-size":"auto","background-attachment":"scroll","background-type":"","background-media":"","overlay-type":"","overlay-color":"","overlay-opacity":"","overlay-gradient":""},"mobile":{"background-color":"var(--ast-global-color-5)","background-image":"","background-repeat":"repeat","background-position":"center center","background-size":"auto","background-attachment":"scroll","background-type":"","background-media":"","overlay-type":"","overlay-color":"","overlay-opacity":"","overlay-gradient":""}},"footnotes":""},"class_list":["post-877","page","type-page","status-publish","hentry"],"yoast_head":"<!-- This site is optimized with the Yoast SEO plugin v24.6 - https:\/\/yoast.com\/wordpress\/plugins\/seo\/ -->\n<title>Pol\u00edtica de Cookies - Laura Felgueras<\/title>\n<meta name=\"robots\" content=\"index, follow, max-snippet:-1, max-image-preview:large, max-video-preview:-1\" \/>\n<link rel=\"canonical\" href=\"https:\/\/laurafelgueras.com\/politica-de-cookies\/\" \/>\n<meta property=\"og:locale\" content=\"ca_ES\" \/>\n<meta property=\"og:type\" content=\"article\" \/>\n<meta property=\"og:title\" content=\"Pol\u00edtica de Cookies - Laura Felgueras\" \/>\n<meta property=\"og:description\" content=\"La Prestadora, Laura Felgueras Guill\u00e9n, t\u00e9 un clar comprom\u00eds de transpar\u00e8ncia i respecte a les dades personals dels seus clients i Usuaris, per aix\u00f2, indica de manera detallada qu\u00e8 \u00e9s una galeta, i com les utilitza: 1. QU\u00c8 \u00c9S UNA [&hellip;]\" \/>\n<meta property=\"og:url\" content=\"https:\/\/laurafelgueras.com\/politica-de-cookies\/\" \/>\n<meta property=\"og:site_name\" content=\"Laura Felgueras\" \/>\n<meta name=\"twitter:card\" content=\"summary_large_image\" \/>\n<meta name=\"twitter:label1\" content=\"Temps estimat de lectura\" \/>\n\t<meta name=\"twitter:data1\" content=\"4 minuts\" \/>\n<script type=\"application\/ld+json\" class=\"yoast-schema-graph\">{\"@context\":\"https:\/\/schema.org\",\"@graph\":[{\"@type\":\"WebPage\",\"@id\":\"https:\/\/laurafelgueras.com\/politica-de-cookies\/\",\"url\":\"https:\/\/laurafelgueras.com\/politica-de-cookies\/\",\"name\":\"Pol\u00edtica de Cookies - Laura Felgueras\",\"isPartOf\":{\"@id\":\"https:\/\/laurafelgueras.com\/#website\"},\"datePublished\":\"2024-01-31T13:11:48+00:00\",\"breadcrumb\":{\"@id\":\"https:\/\/laurafelgueras.com\/politica-de-cookies\/#breadcrumb\"},\"inLanguage\":\"ca\",\"potentialAction\":[{\"@type\":\"ReadAction\",\"target\":[\"https:\/\/laurafelgueras.com\/politica-de-cookies\/\"]}]},{\"@type\":\"BreadcrumbList\",\"@id\":\"https:\/\/laurafelgueras.com\/politica-de-cookies\/#breadcrumb\",\"itemListElement\":[{\"@type\":\"ListItem\",\"position\":1,\"name\":\"Portada\",\"item\":\"https:\/\/laurafelgueras.com\/ca\/inici\/\"},{\"@type\":\"ListItem\",\"position\":2,\"name\":\"Pol\u00edtica de Cookies\"}]},{\"@type\":\"WebSite\",\"@id\":\"https:\/\/laurafelgueras.com\/#website\",\"url\":\"https:\/\/laurafelgueras.com\/\",\"name\":\"Laura Felgueras\",\"description\":\"\",\"potentialAction\":[{\"@type\":\"SearchAction\",\"target\":{\"@type\":\"EntryPoint\",\"urlTemplate\":\"https:\/\/laurafelgueras.com\/?s={search_term_string}\"},\"query-input\":{\"@type\":\"PropertyValueSpecification\",\"valueRequired\":true,\"valueName\":\"search_term_string\"}}],\"inLanguage\":\"ca\"}]}<\/script>\n<!-- \/ Yoast SEO plugin. -->","yoast_head_json":{"title":"Pol\u00edtica de Cookies - Laura Felgueras","robots":{"index":"index","follow":"follow","max-snippet":"max-snippet:-1","max-image-preview":"max-image-preview:large","max-video-preview":"max-video-preview:-1"},"canonical":"https:\/\/laurafelgueras.com\/politica-de-cookies\/","og_locale":"ca_ES","og_type":"article","og_title":"Pol\u00edtica de Cookies - Laura Felgueras","og_description":"La Prestadora, Laura Felgueras Guill\u00e9n, t\u00e9 un clar comprom\u00eds de transpar\u00e8ncia i respecte a les dades personals dels seus clients i Usuaris, per aix\u00f2, indica de manera detallada qu\u00e8 \u00e9s una galeta, i com les utilitza: 1. QU\u00c8 \u00c9S UNA [&hellip;]","og_url":"https:\/\/laurafelgueras.com\/politica-de-cookies\/","og_site_name":"Laura Felgueras","twitter_card":"summary_large_image","twitter_misc":{"Temps estimat de lectura":"4 minuts"},"schema":{"@context":"https:\/\/schema.org","@graph":[{"@type":"WebPage","@id":"https:\/\/laurafelgueras.com\/politica-de-cookies\/","url":"https:\/\/laurafelgueras.com\/politica-de-cookies\/","name":"Pol\u00edtica de Cookies - Laura Felgueras","isPartOf":{"@id":"https:\/\/laurafelgueras.com\/#website"},"datePublished":"2024-01-31T13:11:48+00:00","breadcrumb":{"@id":"https:\/\/laurafelgueras.com\/politica-de-cookies\/#breadcrumb"},"inLanguage":"ca","potentialAction":[{"@type":"ReadAction","target":["https:\/\/laurafelgueras.com\/politica-de-cookies\/"]}]},{"@type":"BreadcrumbList","@id":"https:\/\/laurafelgueras.com\/politica-de-cookies\/#breadcrumb","itemListElement":[{"@type":"ListItem","position":1,"name":"Portada","item":"https:\/\/laurafelgueras.com\/ca\/inici\/"},{"@type":"ListItem","position":2,"name":"Pol\u00edtica de Cookies"}]},{"@type":"WebSite","@id":"https:\/\/laurafelgueras.com\/#website","url":"https:\/\/laurafelgueras.com\/","name":"Laura Felgueras","description":"","potentialAction":[{"@type":"SearchAction","target":{"@type":"EntryPoint","urlTemplate":"https:\/\/laurafelgueras.com\/?s={search_term_string}"},"query-input":{"@type":"PropertyValueSpecification","valueRequired":true,"valueName":"search_term_string"}}],"inLanguage":"ca"}]}},"_links":{"self":[{"href":"https:\/\/laurafelgueras.com\/ca\/wp-json\/wp\/v2\/pages\/877","targetHints":{"allow":["GET"]}}],"collection":[{"href":"https:\/\/laurafelgueras.com\/ca\/wp-json\/wp\/v2\/pages"}],"about":[{"href":"https:\/\/laurafelgueras.com\/ca\/wp-json\/wp\/v2\/types\/page"}],"author":[{"embeddable":true,"href":"https:\/\/laurafelgueras.com\/ca\/wp-json\/wp\/v2\/users\/1"}],"replies":[{"embeddable":true,"href":"https:\/\/laurafelgueras.com\/ca\/wp-json\/wp\/v2\/comments?post=877"}],"version-history":[{"count":0,"href":"https:\/\/laurafelgueras.com\/ca\/wp-json\/wp\/v2\/pages\/877\/revisions"}],"wp:attachment":[{"href":"https:\/\/laurafelgueras.com\/ca\/wp-json\/wp\/v2\/media?parent=877"}],"curies":[{"name":"wp","href":"https:\/\/api.w.org\/{rel}","templated":true}]}}