{"id":878,"date":"2023-10-27T12:54:59","date_gmt":"2023-10-27T10:54:59","guid":{"rendered":"https:\/\/laurafelgueras.com\/politica-de-privacitat\/"},"modified":"2023-10-27T12:54:59","modified_gmt":"2023-10-27T10:54:59","slug":"politica-de-privacitat","status":"publish","type":"page","link":"https:\/\/laurafelgueras.com\/ca\/politica-de-privacitat\/","title":{"rendered":"Pol\u00edtica de privacitat"},"content":{"rendered":"<p>En cumplimiento del Reglamento UE 2016\/679, de 27 de abril (RGPD) y la Ley Org\u00e1nica de Protecci\u00f3n de Datos y Garant\u00eda de los Derechos Digitales (LOPD), Laura Felgueras Guill\u00e9n describe en la presente pol\u00edtica de privacidad c\u00f3mo se recoger\u00e1n y tratar\u00e1n sus datos<\/p>\n<p><strong>P\u00e1gina web:<\/strong> <a href=\"https:\/\/laurafelgueras.com\/ca\/\" target=\"_blank\" rel=\"noopener\">https:\/\/laurafelgueras.com<\/a><br \/>\n<strong>Denominaci\u00f3n social:<\/strong> Laura Felgueras Guill\u00e9n (en adelante, La Prestadora)<br \/>\n<strong>Tel\u00e9fono:<\/strong> 624607064<br \/>\n<strong>Correo electr\u00f3nico:<\/strong> laurafelguerasguillen@gmail.com<\/p>\n<p>Los principios e intenciones de La Prestadora siempre ir\u00e1n ligados a la legalidad vigente, as\u00ed como a la transparencia, minimizando la recopilaci\u00f3n de datos a lo estrictamente necesario, con el l\u00edmite legal de la finalidad declarada, y s\u00f3lo en base a sus indicaciones, cumpliendo as\u00ed con la legalidad vigente en materia de anal\u00edtica, cookies y publicidad, as\u00ed como con la finalidad de la propia p\u00e1gina web y los servicios prestados por esta.<\/p>\n<p><strong>1. DATOS PERSONALES Y FINALIDAD<\/strong><br \/>\n1. Se recoger\u00e1n comentarios que el Usuario pueda dejar en la P\u00e1gina Web, recopilando datos que se muestren en el formulario de comentarios, as\u00ed como la cadena de agentes del usuario del navegador para ayudar a la detecci\u00f3n de spam.<\/p>\n<p><strong>2. MEDIOS<\/strong><br \/>\n1. En caso de subir im\u00e1genes a la web, el Usuario deber\u00e1 evitar que \u00e9stas dispongan de datos de ubicaci\u00f3n incluidos.<\/p>\n<p><strong>3. FORMULARIOS DE CONTACTO<\/strong><br \/>\n1. La Prestadora, a trav\u00e9s de la P\u00e1gina Web, no almacenar\u00e1 los datos que el Usuario introduzca en el formulario de contacto, excepto para lo estrictamente necesario, para poder atender el motivo de su contacto. De no darse relaci\u00f3n posterior al contacto, se eliminar\u00e1 la conversaci\u00f3n, as\u00ed como los datos recogidos, en 30 d\u00edas desde su recepci\u00f3n, datos estos que son proporcionados, de forma voluntaria, por el Usuario, a trav\u00e9s de casillas de consentimiento en los formularios al efecto, pudiendo siempre acceder, modificar o eliminar sus datos.<\/p>\n<p><strong>4. CONSERVACI\u00d3N DE DATOS<\/strong><br \/>\n1. Los comentarios, y dem\u00e1s, dejados por el Usuario en la P\u00e1gina Web, se conservar\u00e1n de forma indefinida, para poder reconocer y aprobar comentarios sucesivos de forma autom\u00e1tica.<br \/>\n2. De darse registro de Usuarios en la P\u00e1gina web, tambi\u00e9n se almacenar\u00eda informaci\u00f3n personal que se proporcionara en su perfil de usuario, pudiendo verla, editarla o eliminarla en cualquier momento.<\/p>\n<p><strong>5. LEGITIMACI\u00d3N<\/strong><br \/>\nDe acuerdo a la normativa de protecci\u00f3n de datos vigente, sus datos personales podr\u00e1n tratarse siempre que:<br \/>\n1. El Usuario preste su consentimiento a efectos del tratamiento, pudiendo retirarlo en cualquier momento.<br \/>\n2. Por requerimiento legal.<br \/>\n3. Por inter\u00e9s leg\u00edtimo que no menoscabe sus derechos de privacidad, como pudiera ser env\u00edo de informaci\u00f3n comercial, ya sea por suscripci\u00f3n a nuestra newsletter, o por su condici\u00f3n de cliente.<br \/>\n4. Por ser necesaria para la prestaci\u00f3n de alguno de nuestros servicios mediante relaci\u00f3n contractual entre usted y nosotros.<\/p>\n<p><strong>6. DERECHOS DEL USUARIO SOBRE SUS DATOS<\/strong><br \/>\nEl Usuario podr\u00e1 pedir a La Prestadora cualquier dato que el primer lo haya proporcionado, as\u00ed como la eliminaci\u00f3n de estos, sin incluir los datos que La Prestadora est\u00e1 obligada a conservar con fines administrativos, legales o de seguridad.<\/p>\n<p><strong>7. EJERCICIO DE LOS DERECHOS DEL USUARIO<\/strong><br \/>\n1. El Usuario podr\u00e1, en cualquier momento, revocar los consentimientos prestados, as\u00ed como solicitar a La Prestadora la confirmaci\u00f3n sobre si sus datos personales est\u00e1n siendo tratados por esta y, en caso afirmativo, acceder a ellos, pudiendo solicitar su rectificaci\u00f3n o supresi\u00f3n, en todo momento.<br \/>\n2. El Usuario tambi\u00e9n podr\u00e1 solicitar la limitaci\u00f3n del tratamiento de sus datos, en cuyo caso La Prestadora s\u00f3lo conservar\u00e1 los estrictamente necesarios para el ejercicio o defensa de las reclamaciones. Tambi\u00e9n podr\u00e1 oponerse al tratamiento de sus datos en determinadas circunstancias.<br \/>\n3. La Prestadora dejar\u00e1 de tratar los datos personales, excepto motivos leg\u00edtimos imperiosos, o el ejercicio o defensa de posibles reclamaciones.<br \/>\n4. Cuando sea procedente, el Usuario podr\u00e1 ejercitar su derecho de portabilidad, para obtener sus datos o que estos se transmitan a otra entidad.<br \/>\n5. A los efectos anteriores, el Usuario, acompa\u00f1ado siempre de su DNI o an\u00e1logo identificativo que permita acreditar su identidad, se podr\u00e1 dirigir a La Prestadora por medio de correo electr\u00f3nico a la direcci\u00f3n laurafelguerasguillen@gmail.com.<\/p>\n<p><strong>Los requisitos de esta Pol\u00edtica de Privacidad complementan, y no reemplazan, cualquier otro requisito existente bajo la Ley de Protecci\u00f3n de datos aplicable, que ser\u00e1 la que prevalezca, en cualquier caso.<\/strong><br \/>\n<strong>Esta Pol\u00edtica est\u00e1 sujeta a revisiones peri\u00f3dicas, y La Prestadora podr\u00e1 modificarla en cualquier momento y sin previo aviso, informando a trav\u00e9s de la propia P\u00e1gina Web, y debiendo, el Usuario, confirmar su aceptaci\u00f3n.<\/strong><\/p>\n","protected":false},"excerpt":{"rendered":"<p>En cumplimiento del Reglamento UE 2016\/679, de 27 de abril (RGPD) y la Ley Org\u00e1nica de Protecci\u00f3n de Datos y Garant\u00eda de los Derechos Digitales (LOPD), Laura Felgueras Guill\u00e9n describe en la presente pol\u00edtica de privacidad c\u00f3mo se recoger\u00e1n y [&hellip;]<\/p>\n","protected":false},"author":1,"featured_media":0,"parent":0,"menu_order":0,"comment_status":"closed","ping_status":"open","template":"","meta":{"site-sidebar-layout":"default","site-content-layout":"","ast-site-content-layout":"default","site-content-style":"default","site-sidebar-style":"default","ast-global-header-display":"","ast-banner-title-visibility":"","ast-main-header-display":"","ast-hfb-above-header-display":"","ast-hfb-below-header-display":"","ast-hfb-mobile-header-display":"","site-post-title":"","ast-breadcrumbs-content":"","ast-featured-img":"","footer-sml-layout":"","theme-transparent-header-meta":"default","adv-header-id-meta":"","stick-header-meta":"default","header-above-stick-meta":"","header-main-stick-meta":"","header-below-stick-meta":"","astra-migrate-meta-layouts":"default","ast-page-background-enabled":"default","ast-page-background-meta":{"desktop":{"background-color":"var(--ast-global-color-4)","background-image":"","background-repeat":"repeat","background-position":"center center","background-size":"auto","background-attachment":"scroll","background-type":"","background-media":"","overlay-type":"","overlay-color":"","overlay-opacity":"","overlay-gradient":""},"tablet":{"background-color":"","background-image":"","background-repeat":"repeat","background-position":"center center","background-size":"auto","background-attachment":"scroll","background-type":"","background-media":"","overlay-type":"","overlay-color":"","overlay-opacity":"","overlay-gradient":""},"mobile":{"background-color":"","background-image":"","background-repeat":"repeat","background-position":"center center","background-size":"auto","background-attachment":"scroll","background-type":"","background-media":"","overlay-type":"","overlay-color":"","overlay-opacity":"","overlay-gradient":""}},"ast-content-background-meta":{"desktop":{"background-color":"var(--ast-global-color-5)","background-image":"","background-repeat":"repeat","background-position":"center center","background-size":"auto","background-attachment":"scroll","background-type":"","background-media":"","overlay-type":"","overlay-color":"","overlay-opacity":"","overlay-gradient":""},"tablet":{"background-color":"var(--ast-global-color-5)","background-image":"","background-repeat":"repeat","background-position":"center center","background-size":"auto","background-attachment":"scroll","background-type":"","background-media":"","overlay-type":"","overlay-color":"","overlay-opacity":"","overlay-gradient":""},"mobile":{"background-color":"var(--ast-global-color-5)","background-image":"","background-repeat":"repeat","background-position":"center center","background-size":"auto","background-attachment":"scroll","background-type":"","background-media":"","overlay-type":"","overlay-color":"","overlay-opacity":"","overlay-gradient":""}},"footnotes":""},"class_list":["post-878","page","type-page","status-publish","hentry"],"yoast_head":"<!-- This site is optimized with the Yoast SEO plugin v24.6 - https:\/\/yoast.com\/wordpress\/plugins\/seo\/ -->\n<title>Pol\u00edtica de privacitat - Laura Felgueras<\/title>\n<meta name=\"robots\" content=\"index, follow, max-snippet:-1, max-image-preview:large, max-video-preview:-1\" \/>\n<link rel=\"canonical\" href=\"https:\/\/laurafelgueras.com\/politica-de-privacitat\/\" \/>\n<meta property=\"og:locale\" content=\"ca_ES\" \/>\n<meta property=\"og:type\" content=\"article\" \/>\n<meta property=\"og:title\" content=\"Pol\u00edtica de privacitat - Laura Felgueras\" \/>\n<meta property=\"og:description\" content=\"En cumplimiento del Reglamento UE 2016\/679, de 27 de abril (RGPD) y la Ley Org\u00e1nica de Protecci\u00f3n de Datos y Garant\u00eda de los Derechos Digitales (LOPD), Laura Felgueras Guill\u00e9n describe en la presente pol\u00edtica de privacidad c\u00f3mo se recoger\u00e1n y [&hellip;]\" \/>\n<meta property=\"og:url\" content=\"https:\/\/laurafelgueras.com\/politica-de-privacitat\/\" \/>\n<meta property=\"og:site_name\" content=\"Laura Felgueras\" \/>\n<meta name=\"twitter:card\" content=\"summary_large_image\" \/>\n<meta name=\"twitter:label1\" content=\"Temps estimat de lectura\" \/>\n\t<meta name=\"twitter:data1\" content=\"4 minuts\" \/>\n<script type=\"application\/ld+json\" class=\"yoast-schema-graph\">{\"@context\":\"https:\/\/schema.org\",\"@graph\":[{\"@type\":\"WebPage\",\"@id\":\"https:\/\/laurafelgueras.com\/politica-de-privacitat\/\",\"url\":\"https:\/\/laurafelgueras.com\/politica-de-privacitat\/\",\"name\":\"Pol\u00edtica de privacitat - Laura Felgueras\",\"isPartOf\":{\"@id\":\"https:\/\/laurafelgueras.com\/#website\"},\"datePublished\":\"2023-10-27T10:54:59+00:00\",\"breadcrumb\":{\"@id\":\"https:\/\/laurafelgueras.com\/politica-de-privacitat\/#breadcrumb\"},\"inLanguage\":\"ca\",\"potentialAction\":[{\"@type\":\"ReadAction\",\"target\":[\"https:\/\/laurafelgueras.com\/politica-de-privacitat\/\"]}]},{\"@type\":\"BreadcrumbList\",\"@id\":\"https:\/\/laurafelgueras.com\/politica-de-privacitat\/#breadcrumb\",\"itemListElement\":[{\"@type\":\"ListItem\",\"position\":1,\"name\":\"Portada\",\"item\":\"https:\/\/laurafelgueras.com\/ca\/inici\/\"},{\"@type\":\"ListItem\",\"position\":2,\"name\":\"Pol\u00edtica de privacitat\"}]},{\"@type\":\"WebSite\",\"@id\":\"https:\/\/laurafelgueras.com\/#website\",\"url\":\"https:\/\/laurafelgueras.com\/\",\"name\":\"Laura Felgueras\",\"description\":\"\",\"potentialAction\":[{\"@type\":\"SearchAction\",\"target\":{\"@type\":\"EntryPoint\",\"urlTemplate\":\"https:\/\/laurafelgueras.com\/?s={search_term_string}\"},\"query-input\":{\"@type\":\"PropertyValueSpecification\",\"valueRequired\":true,\"valueName\":\"search_term_string\"}}],\"inLanguage\":\"ca\"}]}<\/script>\n<!-- \/ Yoast SEO plugin. -->","yoast_head_json":{"title":"Pol\u00edtica de privacitat - Laura Felgueras","robots":{"index":"index","follow":"follow","max-snippet":"max-snippet:-1","max-image-preview":"max-image-preview:large","max-video-preview":"max-video-preview:-1"},"canonical":"https:\/\/laurafelgueras.com\/politica-de-privacitat\/","og_locale":"ca_ES","og_type":"article","og_title":"Pol\u00edtica de privacitat - Laura Felgueras","og_description":"En cumplimiento del Reglamento UE 2016\/679, de 27 de abril (RGPD) y la Ley Org\u00e1nica de Protecci\u00f3n de Datos y Garant\u00eda de los Derechos Digitales (LOPD), Laura Felgueras Guill\u00e9n describe en la presente pol\u00edtica de privacidad c\u00f3mo se recoger\u00e1n y [&hellip;]","og_url":"https:\/\/laurafelgueras.com\/politica-de-privacitat\/","og_site_name":"Laura Felgueras","twitter_card":"summary_large_image","twitter_misc":{"Temps estimat de lectura":"4 minuts"},"schema":{"@context":"https:\/\/schema.org","@graph":[{"@type":"WebPage","@id":"https:\/\/laurafelgueras.com\/politica-de-privacitat\/","url":"https:\/\/laurafelgueras.com\/politica-de-privacitat\/","name":"Pol\u00edtica de privacitat - Laura Felgueras","isPartOf":{"@id":"https:\/\/laurafelgueras.com\/#website"},"datePublished":"2023-10-27T10:54:59+00:00","breadcrumb":{"@id":"https:\/\/laurafelgueras.com\/politica-de-privacitat\/#breadcrumb"},"inLanguage":"ca","potentialAction":[{"@type":"ReadAction","target":["https:\/\/laurafelgueras.com\/politica-de-privacitat\/"]}]},{"@type":"BreadcrumbList","@id":"https:\/\/laurafelgueras.com\/politica-de-privacitat\/#breadcrumb","itemListElement":[{"@type":"ListItem","position":1,"name":"Portada","item":"https:\/\/laurafelgueras.com\/ca\/inici\/"},{"@type":"ListItem","position":2,"name":"Pol\u00edtica de privacitat"}]},{"@type":"WebSite","@id":"https:\/\/laurafelgueras.com\/#website","url":"https:\/\/laurafelgueras.com\/","name":"Laura Felgueras","description":"","potentialAction":[{"@type":"SearchAction","target":{"@type":"EntryPoint","urlTemplate":"https:\/\/laurafelgueras.com\/?s={search_term_string}"},"query-input":{"@type":"PropertyValueSpecification","valueRequired":true,"valueName":"search_term_string"}}],"inLanguage":"ca"}]}},"_links":{"self":[{"href":"https:\/\/laurafelgueras.com\/ca\/wp-json\/wp\/v2\/pages\/878","targetHints":{"allow":["GET"]}}],"collection":[{"href":"https:\/\/laurafelgueras.com\/ca\/wp-json\/wp\/v2\/pages"}],"about":[{"href":"https:\/\/laurafelgueras.com\/ca\/wp-json\/wp\/v2\/types\/page"}],"author":[{"embeddable":true,"href":"https:\/\/laurafelgueras.com\/ca\/wp-json\/wp\/v2\/users\/1"}],"replies":[{"embeddable":true,"href":"https:\/\/laurafelgueras.com\/ca\/wp-json\/wp\/v2\/comments?post=878"}],"version-history":[{"count":0,"href":"https:\/\/laurafelgueras.com\/ca\/wp-json\/wp\/v2\/pages\/878\/revisions"}],"wp:attachment":[{"href":"https:\/\/laurafelgueras.com\/ca\/wp-json\/wp\/v2\/media?parent=878"}],"curies":[{"name":"wp","href":"https:\/\/api.w.org\/{rel}","templated":true}]}}