{"id":879,"date":"2023-11-28T12:02:59","date_gmt":"2023-11-28T11:02:59","guid":{"rendered":"https:\/\/laurafelgueras.com\/qui-som\/"},"modified":"2025-03-12T13:56:09","modified_gmt":"2025-03-12T12:56:09","slug":"qui-som","status":"publish","type":"page","link":"https:\/\/laurafelgueras.com\/ca\/qui-som\/","title":{"rendered":"Qui Som"},"content":{"rendered":"\t\t<div data-elementor-type=\"wp-page\" data-elementor-id=\"879\" class=\"elementor elementor-879 elementor-30\" data-elementor-post-type=\"page\">\n\t\t\t\t<div class=\"elementor-element elementor-element-9450848 e-flex e-con-boxed e-con e-parent\" data-id=\"9450848\" data-element_type=\"container\">\n\t\t\t\t\t<div class=\"e-con-inner\">\n\t\t<div class=\"elementor-element elementor-element-08cad4d e-con-full e-flex e-con e-child\" data-id=\"08cad4d\" data-element_type=\"container\" data-settings=\"{&quot;background_background&quot;:&quot;classic&quot;}\">\n\t\t\t\t<div class=\"elementor-element elementor-element-e6586e9 elementor-widget elementor-widget-image\" data-id=\"e6586e9\" data-element_type=\"widget\" data-widget_type=\"image.default\">\n\t\t\t\t<div class=\"elementor-widget-container\">\n\t\t\t\t\t\t\t\t\t\t\t\t\t\t\t<img fetchpriority=\"high\" decoding=\"async\" width=\"550\" height=\"633\" src=\"https:\/\/laurafelgueras.com\/wp-content\/uploads\/2025\/03\/laura-felgueras2.jpg\" class=\"attachment-large size-large wp-image-993\" alt=\"laura felgueras advocada\" srcset=\"https:\/\/laurafelgueras.com\/wp-content\/uploads\/2025\/03\/laura-felgueras2.jpg 550w, https:\/\/laurafelgueras.com\/wp-content\/uploads\/2025\/03\/laura-felgueras2-261x300.jpg 261w\" sizes=\"(max-width: 550px) 100vw, 550px\" \/>\t\t\t\t\t\t\t\t\t\t\t\t\t\t\t<\/div>\n\t\t\t\t<\/div>\n\t\t\t\t<\/div>\n\t\t<div class=\"elementor-element elementor-element-8e9ed7b e-con-full e-flex e-con e-child\" data-id=\"8e9ed7b\" data-element_type=\"container\">\n\t\t\t\t<div class=\"elementor-element elementor-element-c75a5cb elementor-widget elementor-widget-text-editor\" data-id=\"c75a5cb\" data-element_type=\"widget\" data-widget_type=\"text-editor.default\">\n\t\t\t\t<div class=\"elementor-widget-container\">\n\t\t\t\t\t\t\t\t\t<p>S\u00f3c <strong>Laura Felgueras, advocada a Girona<\/strong> col\u00b7legiada a l&#8217;<strong>Il\u00b7lustre Col\u00b7legi de l&#8217;Advocacia de Figueres<\/strong>. Vaig graduar-me en Dret el 2014, vaig obtenir el <strong>M\u00e0ster d&#8217;Advocacia<\/strong> el 2015 i vaig superar l&#8217;examen d&#8217;acc\u00e9s a l&#8217;advocacia el 2016. Des d&#8217;aleshores, he constru\u00eft una traject\u00f2ria s\u00f2lida en l&#8217;exercici del dret, especialitzant-me en <strong>dret penal, dret laboral, estrangeria, dret de fam\u00edlia i dret civil<\/strong>.  <\/p><p>El meu comprom\u00eds \u00e9s oferir un <strong>assessorament legal a Girona<\/strong> basat en la <strong>professionalitat, l&#8217;\u00e8tica i la dedicaci\u00f3<\/strong>. Cada cas \u00e9s \u00fanic, per la qual cosa faig un estudi exhaustiu i personalitzat per proporcionar la millor estrat\u00e8gia jur\u00eddica. A m\u00e9s, em mantinc en constant actualitzaci\u00f3 per garantir la millor defensa i representaci\u00f3 legal en un entorn jur\u00eddic en canvi constant.  <\/p><p>Des del meu <strong>despatx d&#8217;advocats a Roses<\/strong>, atenc tant assumptes judicials com extrajudicials. Ofereixo <strong>consultes presencials<\/strong>, <strong>telef\u00f2niques <\/strong> o per <strong>videotrucada<\/strong>, adaptant-me a les necessitats de cada client. <\/p><p>Si busques una <strong>advocada a Girona<\/strong> compromesa i amb experi\u00e8ncia, estar\u00e9 encantada d&#8217;ajudar-te a resoldre els teus dubtes i defensar els teus drets amb rigor i proximitat.<\/p>\t\t\t\t\t\t\t\t<\/div>\n\t\t\t\t<\/div>\n\t\t\t\t<\/div>\n\t\t\t\t\t<\/div>\n\t\t\t\t<\/div>\n\t\t\t\t<\/div>\n\t\t","protected":false},"excerpt":{"rendered":"<p>S\u00f3c Laura Felgueras, advocada a Girona col\u00b7legiada a l&#8217;Il\u00b7lustre Col\u00b7legi de l&#8217;Advocacia de Figueres. Vaig graduar-me en Dret el 2014, vaig obtenir el M\u00e0ster d&#8217;Advocacia el 2015 i vaig superar l&#8217;examen d&#8217;acc\u00e9s a l&#8217;advocacia el 2016. Des d&#8217;aleshores, he constru\u00eft [&hellip;]<\/p>\n","protected":false},"author":1,"featured_media":0,"parent":0,"menu_order":0,"comment_status":"closed","ping_status":"closed","template":"","meta":{"site-sidebar-layout":"no-sidebar","site-content-layout":"","ast-site-content-layout":"full-width-container","site-content-style":"default","site-sidebar-style":"default","ast-global-header-display":"","ast-banner-title-visibility":"","ast-main-header-display":"","ast-hfb-above-header-display":"","ast-hfb-below-header-display":"","ast-hfb-mobile-header-display":"","site-post-title":"disabled","ast-breadcrumbs-content":"","ast-featured-img":"disabled","footer-sml-layout":"","theme-transparent-header-meta":"default","adv-header-id-meta":"444","stick-header-meta":"default","header-above-stick-meta":"","header-main-stick-meta":"","header-below-stick-meta":"","astra-migrate-meta-layouts":"default","ast-page-background-enabled":"default","ast-page-background-meta":{"desktop":{"background-color":"var(--ast-global-color-4)","background-image":"","background-repeat":"repeat","background-position":"center center","background-size":"auto","background-attachment":"scroll","background-type":"","background-media":"","overlay-type":"","overlay-color":"","overlay-opacity":"","overlay-gradient":""},"tablet":{"background-color":"","background-image":"","background-repeat":"repeat","background-position":"center center","background-size":"auto","background-attachment":"scroll","background-type":"","background-media":"","overlay-type":"","overlay-color":"","overlay-opacity":"","overlay-gradient":""},"mobile":{"background-color":"","background-image":"","background-repeat":"repeat","background-position":"center center","background-size":"auto","background-attachment":"scroll","background-type":"","background-media":"","overlay-type":"","overlay-color":"","overlay-opacity":"","overlay-gradient":""}},"ast-content-background-meta":{"desktop":{"background-color":"var(--ast-global-color-5)","background-image":"","background-repeat":"repeat","background-position":"center center","background-size":"auto","background-attachment":"scroll","background-type":"","background-media":"","overlay-type":"","overlay-color":"","overlay-opacity":"","overlay-gradient":""},"tablet":{"background-color":"var(--ast-global-color-5)","background-image":"","background-repeat":"repeat","background-position":"center center","background-size":"auto","background-attachment":"scroll","background-type":"","background-media":"","overlay-type":"","overlay-color":"","overlay-opacity":"","overlay-gradient":""},"mobile":{"background-color":"var(--ast-global-color-5)","background-image":"","background-repeat":"repeat","background-position":"center center","background-size":"auto","background-attachment":"scroll","background-type":"","background-media":"","overlay-type":"","overlay-color":"","overlay-opacity":"","overlay-gradient":""}},"footnotes":""},"class_list":["post-879","page","type-page","status-publish","hentry"],"yoast_head":"<!-- This site is optimized with the Yoast SEO plugin v24.6 - https:\/\/yoast.com\/wordpress\/plugins\/seo\/ -->\n<title>Qui Som - Laura Felgueras Advocada<\/title>\n<meta name=\"description\" content=\"Laura Felgueras, advocada col\u00b7legiada al Col\u00b7legi de l&#039;Advocacia de Figueres, Girona, amb una s\u00f2lida formaci\u00f3 en Dret, graduada el 2014\" \/>\n<meta name=\"robots\" content=\"index, follow, max-snippet:-1, max-image-preview:large, max-video-preview:-1\" \/>\n<link rel=\"canonical\" href=\"https:\/\/laurafelgueras.com\/ca\/qui-som\/\" \/>\n<meta property=\"og:locale\" content=\"ca_ES\" \/>\n<meta property=\"og:type\" content=\"article\" \/>\n<meta property=\"og:title\" content=\"Qui Som - Laura Felgueras Advocada\" \/>\n<meta property=\"og:description\" content=\"Laura Felgueras, advocada col\u00b7legiada al Col\u00b7legi de l&#039;Advocacia de Figueres, Girona, amb una s\u00f2lida formaci\u00f3 en Dret, graduada el 2014\" \/>\n<meta property=\"og:url\" content=\"https:\/\/laurafelgueras.com\/ca\/qui-som\/\" \/>\n<meta property=\"og:site_name\" content=\"Laura Felgueras\" \/>\n<meta property=\"article:modified_time\" content=\"2025-03-12T12:56:09+00:00\" \/>\n<meta property=\"og:image\" content=\"https:\/\/laurafelgueras.com\/wp-content\/uploads\/2025\/03\/laura-felgueras2.jpg\" \/>\n\t<meta property=\"og:image:width\" content=\"550\" \/>\n\t<meta property=\"og:image:height\" content=\"633\" \/>\n\t<meta property=\"og:image:type\" content=\"image\/jpeg\" \/>\n<meta name=\"twitter:card\" content=\"summary_large_image\" \/>\n<meta name=\"twitter:label1\" content=\"Temps estimat de lectura\" \/>\n\t<meta name=\"twitter:data1\" content=\"1 minut\" \/>\n<script type=\"application\/ld+json\" class=\"yoast-schema-graph\">{\"@context\":\"https:\/\/schema.org\",\"@graph\":[{\"@type\":\"WebPage\",\"@id\":\"https:\/\/laurafelgueras.com\/ca\/qui-som\/\",\"url\":\"https:\/\/laurafelgueras.com\/ca\/qui-som\/\",\"name\":\"Qui Som - Laura Felgueras Advocada\",\"isPartOf\":{\"@id\":\"https:\/\/laurafelgueras.com\/#website\"},\"primaryImageOfPage\":{\"@id\":\"https:\/\/laurafelgueras.com\/ca\/qui-som\/#primaryimage\"},\"image\":{\"@id\":\"https:\/\/laurafelgueras.com\/ca\/qui-som\/#primaryimage\"},\"thumbnailUrl\":\"https:\/\/laurafelgueras.com\/wp-content\/uploads\/2025\/03\/laura-felgueras2.jpg\",\"datePublished\":\"2023-11-28T11:02:59+00:00\",\"dateModified\":\"2025-03-12T12:56:09+00:00\",\"description\":\"Laura Felgueras, advocada col\u00b7legiada al Col\u00b7legi de l'Advocacia de Figueres, Girona, amb una s\u00f2lida formaci\u00f3 en Dret, graduada el 2014\",\"breadcrumb\":{\"@id\":\"https:\/\/laurafelgueras.com\/ca\/qui-som\/#breadcrumb\"},\"inLanguage\":\"ca\",\"potentialAction\":[{\"@type\":\"ReadAction\",\"target\":[\"https:\/\/laurafelgueras.com\/ca\/qui-som\/\"]}]},{\"@type\":\"ImageObject\",\"inLanguage\":\"ca\",\"@id\":\"https:\/\/laurafelgueras.com\/ca\/qui-som\/#primaryimage\",\"url\":\"https:\/\/laurafelgueras.com\/wp-content\/uploads\/2025\/03\/laura-felgueras2.jpg\",\"contentUrl\":\"https:\/\/laurafelgueras.com\/wp-content\/uploads\/2025\/03\/laura-felgueras2.jpg\"},{\"@type\":\"BreadcrumbList\",\"@id\":\"https:\/\/laurafelgueras.com\/ca\/qui-som\/#breadcrumb\",\"itemListElement\":[{\"@type\":\"ListItem\",\"position\":1,\"name\":\"Portada\",\"item\":\"https:\/\/laurafelgueras.com\/ca\/inici\/\"},{\"@type\":\"ListItem\",\"position\":2,\"name\":\"Qui Som\"}]},{\"@type\":\"WebSite\",\"@id\":\"https:\/\/laurafelgueras.com\/#website\",\"url\":\"https:\/\/laurafelgueras.com\/\",\"name\":\"Laura Felgueras\",\"description\":\"\",\"potentialAction\":[{\"@type\":\"SearchAction\",\"target\":{\"@type\":\"EntryPoint\",\"urlTemplate\":\"https:\/\/laurafelgueras.com\/?s={search_term_string}\"},\"query-input\":{\"@type\":\"PropertyValueSpecification\",\"valueRequired\":true,\"valueName\":\"search_term_string\"}}],\"inLanguage\":\"ca\"}]}<\/script>\n<!-- \/ Yoast SEO plugin. -->","yoast_head_json":{"title":"Qui Som - Laura Felgueras Advocada","description":"Laura Felgueras, advocada col\u00b7legiada al Col\u00b7legi de l'Advocacia de Figueres, Girona, amb una s\u00f2lida formaci\u00f3 en Dret, graduada el 2014","robots":{"index":"index","follow":"follow","max-snippet":"max-snippet:-1","max-image-preview":"max-image-preview:large","max-video-preview":"max-video-preview:-1"},"canonical":"https:\/\/laurafelgueras.com\/ca\/qui-som\/","og_locale":"ca_ES","og_type":"article","og_title":"Qui Som - Laura Felgueras Advocada","og_description":"Laura Felgueras, advocada col\u00b7legiada al Col\u00b7legi de l'Advocacia de Figueres, Girona, amb una s\u00f2lida formaci\u00f3 en Dret, graduada el 2014","og_url":"https:\/\/laurafelgueras.com\/ca\/qui-som\/","og_site_name":"Laura Felgueras","article_modified_time":"2025-03-12T12:56:09+00:00","og_image":[{"width":550,"height":633,"url":"https:\/\/laurafelgueras.com\/wp-content\/uploads\/2025\/03\/laura-felgueras2.jpg","type":"image\/jpeg"}],"twitter_card":"summary_large_image","twitter_misc":{"Temps estimat de lectura":"1 minut"},"schema":{"@context":"https:\/\/schema.org","@graph":[{"@type":"WebPage","@id":"https:\/\/laurafelgueras.com\/ca\/qui-som\/","url":"https:\/\/laurafelgueras.com\/ca\/qui-som\/","name":"Qui Som - Laura Felgueras Advocada","isPartOf":{"@id":"https:\/\/laurafelgueras.com\/#website"},"primaryImageOfPage":{"@id":"https:\/\/laurafelgueras.com\/ca\/qui-som\/#primaryimage"},"image":{"@id":"https:\/\/laurafelgueras.com\/ca\/qui-som\/#primaryimage"},"thumbnailUrl":"https:\/\/laurafelgueras.com\/wp-content\/uploads\/2025\/03\/laura-felgueras2.jpg","datePublished":"2023-11-28T11:02:59+00:00","dateModified":"2025-03-12T12:56:09+00:00","description":"Laura Felgueras, advocada col\u00b7legiada al Col\u00b7legi de l'Advocacia de Figueres, Girona, amb una s\u00f2lida formaci\u00f3 en Dret, graduada el 2014","breadcrumb":{"@id":"https:\/\/laurafelgueras.com\/ca\/qui-som\/#breadcrumb"},"inLanguage":"ca","potentialAction":[{"@type":"ReadAction","target":["https:\/\/laurafelgueras.com\/ca\/qui-som\/"]}]},{"@type":"ImageObject","inLanguage":"ca","@id":"https:\/\/laurafelgueras.com\/ca\/qui-som\/#primaryimage","url":"https:\/\/laurafelgueras.com\/wp-content\/uploads\/2025\/03\/laura-felgueras2.jpg","contentUrl":"https:\/\/laurafelgueras.com\/wp-content\/uploads\/2025\/03\/laura-felgueras2.jpg"},{"@type":"BreadcrumbList","@id":"https:\/\/laurafelgueras.com\/ca\/qui-som\/#breadcrumb","itemListElement":[{"@type":"ListItem","position":1,"name":"Portada","item":"https:\/\/laurafelgueras.com\/ca\/inici\/"},{"@type":"ListItem","position":2,"name":"Qui Som"}]},{"@type":"WebSite","@id":"https:\/\/laurafelgueras.com\/#website","url":"https:\/\/laurafelgueras.com\/","name":"Laura Felgueras","description":"","potentialAction":[{"@type":"SearchAction","target":{"@type":"EntryPoint","urlTemplate":"https:\/\/laurafelgueras.com\/?s={search_term_string}"},"query-input":{"@type":"PropertyValueSpecification","valueRequired":true,"valueName":"search_term_string"}}],"inLanguage":"ca"}]}},"_links":{"self":[{"href":"https:\/\/laurafelgueras.com\/ca\/wp-json\/wp\/v2\/pages\/879","targetHints":{"allow":["GET"]}}],"collection":[{"href":"https:\/\/laurafelgueras.com\/ca\/wp-json\/wp\/v2\/pages"}],"about":[{"href":"https:\/\/laurafelgueras.com\/ca\/wp-json\/wp\/v2\/types\/page"}],"author":[{"embeddable":true,"href":"https:\/\/laurafelgueras.com\/ca\/wp-json\/wp\/v2\/users\/1"}],"replies":[{"embeddable":true,"href":"https:\/\/laurafelgueras.com\/ca\/wp-json\/wp\/v2\/comments?post=879"}],"version-history":[{"count":6,"href":"https:\/\/laurafelgueras.com\/ca\/wp-json\/wp\/v2\/pages\/879\/revisions"}],"predecessor-version":[{"id":1003,"href":"https:\/\/laurafelgueras.com\/ca\/wp-json\/wp\/v2\/pages\/879\/revisions\/1003"}],"wp:attachment":[{"href":"https:\/\/laurafelgueras.com\/ca\/wp-json\/wp\/v2\/media?parent=879"}],"curies":[{"name":"wp","href":"https:\/\/api.w.org\/{rel}","templated":true}]}}